{"id":6,"date":"2023-02-22T17:31:42","date_gmt":"2023-02-22T17:31:42","guid":{"rendered":"https:\/\/hotelvillava.com\/enpamplona\/?page_id=6"},"modified":"2026-01-14T09:30:16","modified_gmt":"2026-01-14T09:30:16","slug":"elementor-6","status":"publish","type":"page","link":"https:\/\/hotelvillava.com\/enpamplona\/","title":{"rendered":"Home"},"content":{"rendered":"\t\t<div data-elementor-type=\"wp-post\" data-elementor-id=\"6\" class=\"elementor elementor-6\">\n\t\t\t\t<div class=\"elementor-element elementor-element-8848155 e-flex e-con-boxed e-con e-parent\" data-id=\"8848155\" data-element_type=\"container\" data-e-type=\"container\">\n\t\t\t\t\t<div class=\"e-con-inner\">\n\t\t\t\t\t<\/div>\n\t\t\t\t<\/div>\n\t\t\t\t<section class=\"elementor-section elementor-top-section elementor-element elementor-element-3889b27 elementor-section-boxed elementor-section-height-default elementor-section-height-default\" data-id=\"3889b27\" data-element_type=\"section\" data-e-type=\"section\">\n\t\t\t\t\t\t<div class=\"elementor-container elementor-column-gap-default\">\n\t\t\t\t\t<div class=\"elementor-column elementor-col-100 elementor-top-column elementor-element elementor-element-a2dcc0c\" data-id=\"a2dcc0c\" data-element_type=\"column\" data-e-type=\"column\">\n\t\t\t<div class=\"elementor-widget-wrap elementor-element-populated\">\n\t\t\t\t\t\t<div class=\"elementor-element elementor-element-34452a1 elementor-invisible elementor-widget elementor-widget-heading\" data-id=\"34452a1\" data-element_type=\"widget\" data-e-type=\"widget\" data-settings=\"{&quot;_animation&quot;:&quot;fadeIn&quot;}\" data-widget_type=\"heading.default\">\n\t\t\t\t<div class=\"elementor-widget-container\">\n\t\t\t\t\t<h1 class=\"elementor-heading-title elementor-size-default\">Bienvenido\/a a nuestro hotel<\/h1>\t\t\t\t<\/div>\n\t\t\t\t<\/div>\n\t\t\t\t\t<\/div>\n\t\t<\/div>\n\t\t\t\t\t<\/div>\n\t\t<\/section>\n\t\t<div class=\"elementor-element elementor-element-84850f0 e-flex e-con-boxed e-con e-parent\" data-id=\"84850f0\" data-element_type=\"container\" data-e-type=\"container\">\n\t\t\t\t\t<div class=\"e-con-inner\">\n\t\t<div class=\"elementor-element elementor-element-c1925a6 e-flex e-con-boxed e-con e-child\" data-id=\"c1925a6\" data-element_type=\"container\" data-e-type=\"container\">\n\t\t\t\t\t<div class=\"e-con-inner\">\n\t\t<div class=\"elementor-element elementor-element-c182ff0 e-flex e-con-boxed elementor-invisible e-con e-child\" data-id=\"c182ff0\" data-element_type=\"container\" data-e-type=\"container\" data-settings=\"{&quot;animation&quot;:&quot;fadeInLeft&quot;}\">\n\t\t\t\t\t<div class=\"e-con-inner\">\n\t\t\t\t<div class=\"elementor-element elementor-element-e3bea3c elementor-widget elementor-widget-text-editor\" data-id=\"e3bea3c\" data-element_type=\"widget\" data-e-type=\"widget\" data-widget_type=\"text-editor.default\">\n\t\t\t\t<div class=\"elementor-widget-container\">\n\t\t\t\t\t\t\t\t\t<p>Diferentes tipos de habitaciones<\/p>\t\t\t\t\t\t\t\t<\/div>\n\t\t\t\t<\/div>\n\t\t\t\t<div class=\"elementor-element elementor-element-dab46df elementor-widget elementor-widget-text-editor\" data-id=\"dab46df\" data-element_type=\"widget\" data-e-type=\"widget\" data-widget_type=\"text-editor.default\">\n\t\t\t\t<div class=\"elementor-widget-container\">\n\t\t\t\t\t\t\t\t\t<p style=\"text-align: left;\">Est\u00e1ndar. Con 1 o 2 camas. Ba\u00f1o completo.<br \/>Busines: Con un amplio escritorio para el trabajo y wifi gratuito.<br \/>Suit. Dispone de sal\u00f3n, cama de 2 m, terraza y ducha hidromasaje y jacuzzi individual.<br \/>Junior suit: Con 1 cama de 1,80m y terraza<\/p>\t\t\t\t\t\t\t\t<\/div>\n\t\t\t\t<\/div>\n\t\t\t\t\t<\/div>\n\t\t\t\t<\/div>\n\t\t<div class=\"elementor-element elementor-element-523658d e-flex e-con-boxed elementor-invisible e-con e-child\" data-id=\"523658d\" data-element_type=\"container\" data-e-type=\"container\" data-settings=\"{&quot;background_background&quot;:&quot;classic&quot;,&quot;animation&quot;:&quot;fadeInDown&quot;}\">\n\t\t\t\t\t<div class=\"e-con-inner\">\n\t\t\t\t\t<\/div>\n\t\t\t\t<\/div>\n\t\t<div class=\"elementor-element elementor-element-c22b0c9 e-flex e-con-boxed elementor-invisible e-con e-child\" data-id=\"c22b0c9\" data-element_type=\"container\" data-e-type=\"container\" data-settings=\"{&quot;animation&quot;:&quot;fadeInRight&quot;}\">\n\t\t\t\t\t<div class=\"e-con-inner\">\n\t\t\t\t<div class=\"elementor-element elementor-element-1802151 elementor-widget elementor-widget-text-editor\" data-id=\"1802151\" data-element_type=\"widget\" data-e-type=\"widget\" data-widget_type=\"text-editor.default\">\n\t\t\t\t<div class=\"elementor-widget-container\">\n\t\t\t\t\t\t\t\t\t<p>Bar &amp; Restaurante<\/p>\t\t\t\t\t\t\t\t<\/div>\n\t\t\t\t<\/div>\n\t\t\t\t<div class=\"elementor-element elementor-element-7f4aa74 elementor-widget elementor-widget-text-editor\" data-id=\"7f4aa74\" data-element_type=\"widget\" data-e-type=\"widget\" data-widget_type=\"text-editor.default\">\n\t\t\t\t<div class=\"elementor-widget-container\">\n\t\t\t\t\t\t\t\t\t<p style=\"text-align: left;\">En nuestro restaurante disfrutar\u00e1s del men\u00fa del d\u00eda, as\u00ed como de men\u00fas m\u00e1s elaborados para eventos especiales.<\/p><p style=\"text-align: left;\">El bar est\u00e1 abierto desde las 8 hasta las 23h. Podr\u00e1s degustar caf\u00e9 de especialidad de diferentes or\u00edgenes.<\/p>\t\t\t\t\t\t\t\t<\/div>\n\t\t\t\t<\/div>\n\t\t\t\t\t<\/div>\n\t\t\t\t<\/div>\n\t\t\t\t\t<\/div>\n\t\t\t\t<\/div>\n\t\t<div class=\"elementor-element elementor-element-962cf7e e-flex e-con-boxed elementor-invisible e-con e-child\" data-id=\"962cf7e\" data-element_type=\"container\" data-e-type=\"container\" data-settings=\"{&quot;animation&quot;:&quot;fadeInLeft&quot;}\">\n\t\t\t\t\t<div class=\"e-con-inner\">\n\t\t<div class=\"elementor-element elementor-element-b595d0b e-flex e-con-boxed e-con e-child\" data-id=\"b595d0b\" data-element_type=\"container\" data-e-type=\"container\" data-settings=\"{&quot;background_background&quot;:&quot;classic&quot;}\">\n\t\t\t\t\t<div class=\"e-con-inner\">\n\t\t\t\t\t<\/div>\n\t\t\t\t<\/div>\n\t\t<div class=\"elementor-element elementor-element-6502248 e-flex e-con-boxed e-con e-child\" data-id=\"6502248\" data-element_type=\"container\" data-e-type=\"container\">\n\t\t\t\t\t<div class=\"e-con-inner\">\n\t\t\t\t<div class=\"elementor-element elementor-element-38cae7d elementor-widget elementor-widget-text-editor\" data-id=\"38cae7d\" data-element_type=\"widget\" data-e-type=\"widget\" data-widget_type=\"text-editor.default\">\n\t\t\t\t<div class=\"elementor-widget-container\">\n\t\t\t\t\t\t\t\t\t<p>Hotel Bike friendly<\/p>\t\t\t\t\t\t\t\t<\/div>\n\t\t\t\t<\/div>\n\t\t\t\t<div class=\"elementor-element elementor-element-c290753 elementor-widget elementor-widget-text-editor\" data-id=\"c290753\" data-element_type=\"widget\" data-e-type=\"widget\" data-widget_type=\"text-editor.default\">\n\t\t\t\t<div class=\"elementor-widget-container\">\n\t\t\t\t\t\t\t\t\t<p>Navarra es una comunidad priviligiada, tenemos paisajes y rutas espectaculares para conectar con la naturaleza, y caminos espec\u00edficos para hacerlo en bici. Os esperamos!<\/p>\t\t\t\t\t\t\t\t<\/div>\n\t\t\t\t<\/div>\n\t\t\t\t\t<\/div>\n\t\t\t\t<\/div>\n\t\t<div class=\"elementor-element elementor-element-b497be9 e-flex e-con-boxed e-con e-child\" data-id=\"b497be9\" data-element_type=\"container\" data-e-type=\"container\" data-settings=\"{&quot;background_background&quot;:&quot;classic&quot;}\">\n\t\t\t\t\t<div class=\"e-con-inner\">\n\t\t\t\t\t<\/div>\n\t\t\t\t<\/div>\n\t\t\t\t\t<\/div>\n\t\t\t\t<\/div>\n\t\t<div class=\"elementor-element elementor-element-945fadc e-flex e-con-boxed elementor-invisible e-con e-child\" data-id=\"945fadc\" data-element_type=\"container\" data-e-type=\"container\" data-settings=\"{&quot;animation&quot;:&quot;fadeInRight&quot;}\">\n\t\t\t\t\t<div class=\"e-con-inner\">\n\t\t<div class=\"elementor-element elementor-element-6490fc8 e-flex e-con-boxed elementor-invisible e-con e-child\" data-id=\"6490fc8\" data-element_type=\"container\" data-e-type=\"container\" data-settings=\"{&quot;animation&quot;:&quot;fadeInLeft&quot;}\">\n\t\t\t\t\t<div class=\"e-con-inner\">\n\t\t\t\t<div class=\"elementor-element elementor-element-9bc518d elementor-widget elementor-widget-text-editor\" data-id=\"9bc518d\" data-element_type=\"widget\" data-e-type=\"widget\" data-widget_type=\"text-editor.default\">\n\t\t\t\t<div class=\"elementor-widget-container\">\n\t\t\t\t\t\t\t\t\t<p style=\"text-align: left;\">Parking privado<\/p>\t\t\t\t\t\t\t\t<\/div>\n\t\t\t\t<\/div>\n\t\t\t\t<div class=\"elementor-element elementor-element-f24a021 elementor-widget elementor-widget-text-editor\" data-id=\"f24a021\" data-element_type=\"widget\" data-e-type=\"widget\" data-widget_type=\"text-editor.default\">\n\t\t\t\t<div class=\"elementor-widget-container\">\n\t\t\t\t\t\t\t\t\t<p style=\"text-align: left;\">Parking privado video vigilado 24h<\/p>\t\t\t\t\t\t\t\t<\/div>\n\t\t\t\t<\/div>\n\t\t\t\t\t<\/div>\n\t\t\t\t<\/div>\n\t\t<div class=\"elementor-element elementor-element-a0630b9 e-flex e-con-boxed elementor-invisible e-con e-child\" data-id=\"a0630b9\" data-element_type=\"container\" data-e-type=\"container\" data-settings=\"{&quot;background_background&quot;:&quot;classic&quot;,&quot;animation&quot;:&quot;fadeInDown&quot;}\">\n\t\t\t\t\t<div class=\"e-con-inner\">\n\t\t\t\t\t<\/div>\n\t\t\t\t<\/div>\n\t\t<div class=\"elementor-element elementor-element-2a7710f e-flex e-con-boxed elementor-invisible e-con e-child\" data-id=\"2a7710f\" data-element_type=\"container\" data-e-type=\"container\" data-settings=\"{&quot;animation&quot;:&quot;fadeInRight&quot;}\">\n\t\t\t\t\t<div class=\"e-con-inner\">\n\t\t\t\t<div class=\"elementor-element elementor-element-3ebdb16 elementor-widget elementor-widget-text-editor\" data-id=\"3ebdb16\" data-element_type=\"widget\" data-e-type=\"widget\" data-widget_type=\"text-editor.default\">\n\t\t\t\t<div class=\"elementor-widget-container\">\n\t\t\t\t\t\t\t\t\t<p style=\"text-align: left;\">Hotel Pet friendly<\/p>\t\t\t\t\t\t\t\t<\/div>\n\t\t\t\t<\/div>\n\t\t\t\t<div class=\"elementor-element elementor-element-3edb3e5 elementor-widget elementor-widget-text-editor\" data-id=\"3edb3e5\" data-element_type=\"widget\" data-e-type=\"widget\" data-widget_type=\"text-editor.default\">\n\t\t\t\t<div class=\"elementor-widget-container\">\n\t\t\t\t\t\t\t\t\t<p style=\"text-align: left;\">Para nosotros las mascotas son uno m\u00e1s de la familia, y les damos la bienvenida a\u00a0 nuestro hotel.<\/p>\t\t\t\t\t\t\t\t<\/div>\n\t\t\t\t<\/div>\n\t\t\t\t\t<\/div>\n\t\t\t\t<\/div>\n\t\t\t\t\t<\/div>\n\t\t\t\t<\/div>\n\t\t\t\t\t<\/div>\n\t\t\t\t<\/div>\n\t\t\t\t<section class=\"elementor-section elementor-top-section elementor-element elementor-element-29984fcf elementor-section-full_width elementor-section-height-default elementor-section-height-default\" data-id=\"29984fcf\" data-element_type=\"section\" data-e-type=\"section\">\n\t\t\t\t\t\t<div class=\"elementor-container elementor-column-gap-default\">\n\t\t\t\t\t<div class=\"elementor-column elementor-col-100 elementor-top-column elementor-element elementor-element-710cfa9b\" data-id=\"710cfa9b\" data-element_type=\"column\" data-e-type=\"column\">\n\t\t\t<div class=\"elementor-widget-wrap elementor-element-populated\">\n\t\t\t\t\t\t<div class=\"elementor-element elementor-element-38beed9 elementor-widget elementor-widget-text-editor\" data-id=\"38beed9\" data-element_type=\"widget\" data-e-type=\"widget\" data-widget_type=\"text-editor.default\">\n\t\t\t\t<div class=\"elementor-widget-container\">\n\t\t\t\t\t\t\t\t\t<p>FINANCIADO POR LA UNI\u00d3N EUROPEA CON EL PROGRAMA KIT DIGITAL POR LOS FONDOS NEXT GENERATION (EU) DEL MECANISMO DE RECUPERACI\u00d3N Y RESILIENCIA<\/p>\t\t\t\t\t\t\t\t<\/div>\n\t\t\t\t<\/div>\n\t\t\t\t<div class=\"elementor-element elementor-element-6fcdfcfc elementor-widget elementor-widget-image\" data-id=\"6fcdfcfc\" data-element_type=\"widget\" data-e-type=\"widget\" data-widget_type=\"image.default\">\n\t\t\t\t<div class=\"elementor-widget-container\">\n\t\t\t\t\t\t\t\t\t\t\t\t\t\t\t<img fetchpriority=\"high\" decoding=\"async\" width=\"1380\" height=\"90\" src=\"https:\/\/hotelvillava.com\/enpamplona\/wp-content\/uploads\/2024\/04\/banner-logos-kit-digital.png\" class=\"attachment-full size-full wp-image-1558\" alt=\"\" srcset=\"https:\/\/hotelvillava.com\/enpamplona\/wp-content\/uploads\/2024\/04\/banner-logos-kit-digital.png 1380w, https:\/\/hotelvillava.com\/enpamplona\/wp-content\/uploads\/2024\/04\/banner-logos-kit-digital-300x20.png 300w, https:\/\/hotelvillava.com\/enpamplona\/wp-content\/uploads\/2024\/04\/banner-logos-kit-digital-1024x67.png 1024w\" sizes=\"(max-width: 1380px) 100vw, 1380px\" \/>\t\t\t\t\t\t\t\t\t\t\t\t\t\t\t<\/div>\n\t\t\t\t<\/div>\n\t\t\t\t\t<\/div>\n\t\t<\/div>\n\t\t\t\t\t<\/div>\n\t\t<\/section>\n\t\t<div class=\"elementor-element elementor-element-277fba0 e-flex e-con-boxed e-con e-parent\" data-id=\"277fba0\" data-element_type=\"container\" data-e-type=\"container\">\n\t\t\t\t\t<div class=\"e-con-inner\">\n\t\t<div class=\"elementor-element elementor-element-307fa7d e-con-full e-flex e-con e-child\" data-id=\"307fa7d\" data-element_type=\"container\" data-e-type=\"container\">\n\t\t\t\t<div class=\"elementor-element elementor-element-cef3a2a elementor-widget elementor-widget-image\" data-id=\"cef3a2a\" data-element_type=\"widget\" data-e-type=\"widget\" data-widget_type=\"image.default\">\n\t\t\t\t<div class=\"elementor-widget-container\">\n\t\t\t\t\t\t\t\t\t\t\t\t\t\t\t<img decoding=\"async\" width=\"300\" height=\"82\" src=\"https:\/\/hotelvillava.com\/enpamplona\/wp-content\/uploads\/2025\/06\/Logo-reyno-de-navarra-Bilingue-horizontal-color-300x82.jpg\" class=\"attachment-medium size-medium wp-image-2405\" alt=\"\" srcset=\"https:\/\/hotelvillava.com\/enpamplona\/wp-content\/uploads\/2025\/06\/Logo-reyno-de-navarra-Bilingue-horizontal-color-300x82.jpg 300w, https:\/\/hotelvillava.com\/enpamplona\/wp-content\/uploads\/2025\/06\/Logo-reyno-de-navarra-Bilingue-horizontal-color-1024x278.jpg 1024w, https:\/\/hotelvillava.com\/enpamplona\/wp-content\/uploads\/2025\/06\/Logo-reyno-de-navarra-Bilingue-horizontal-color-768x209.jpg 768w, https:\/\/hotelvillava.com\/enpamplona\/wp-content\/uploads\/2025\/06\/Logo-reyno-de-navarra-Bilingue-horizontal-color-1536x418.jpg 1536w, https:\/\/hotelvillava.com\/enpamplona\/wp-content\/uploads\/2025\/06\/Logo-reyno-de-navarra-Bilingue-horizontal-color-2048x557.jpg 2048w, https:\/\/hotelvillava.com\/enpamplona\/wp-content\/uploads\/2025\/06\/Logo-reyno-de-navarra-Bilingue-horizontal-color-2000x544.jpg 2000w, https:\/\/hotelvillava.com\/enpamplona\/wp-content\/uploads\/2025\/06\/Logo-reyno-de-navarra-Bilingue-horizontal-color-1000x272.jpg 1000w, https:\/\/hotelvillava.com\/enpamplona\/wp-content\/uploads\/2025\/06\/Logo-reyno-de-navarra-Bilingue-horizontal-color-1800x489.jpg 1800w, https:\/\/hotelvillava.com\/enpamplona\/wp-content\/uploads\/2025\/06\/Logo-reyno-de-navarra-Bilingue-horizontal-color-600x163.jpg 600w\" sizes=\"(max-width: 300px) 100vw, 300px\" \/>\t\t\t\t\t\t\t\t\t\t\t\t\t\t\t<\/div>\n\t\t\t\t<\/div>\n\t\t\t\t<\/div>\n\t\t<div class=\"elementor-element elementor-element-db043b9 e-con-full e-flex e-con e-child\" data-id=\"db043b9\" data-element_type=\"container\" data-e-type=\"container\">\n\t\t\t\t<div class=\"elementor-element elementor-element-23b87e1 elementor-widget elementor-widget-text-editor\" data-id=\"23b87e1\" data-element_type=\"widget\" data-e-type=\"widget\" data-widget_type=\"text-editor.default\">\n\t\t\t\t<div class=\"elementor-widget-container\">\n\t\t\t\t\t\t\t\t\t<p style=\"text-align: center;\"><b>Esta empresa ha obtenido una subvenci\u00f3n en la convocatoria para la mejora de la competitividad de las pymes tur\u00edsticas 2025<\/b><\/p>\t\t\t\t\t\t\t\t<\/div>\n\t\t\t\t<\/div>\n\t\t\t\t<\/div>\n\t\t\t\t\t<\/div>\n\t\t\t\t<\/div>\n\t\t\t\t<\/div>\n\t\t","protected":false},"excerpt":{"rendered":"<p>Bienvenido\/a a nuestro hotel Diferentes tipos de habitaciones Est\u00e1ndar. Con 1 o 2 camas. Ba\u00f1o completo.Busines: Con un amplio escritorio para el trabajo y wifi gratuito.Suit. Dispone de sal\u00f3n, cama de 2 m, terraza y ducha hidromasaje y jacuzzi individual.Junior suit: Con 1 cama de 1,80m y terraza Bar &amp; [&hellip;]<\/p>\n","protected":false},"author":1,"featured_media":0,"parent":0,"menu_order":0,"comment_status":"closed","ping_status":"closed","template":"page-templates\/homepage-builder.php","meta":{"_exactmetrics_skip_tracking":false,"_exactmetrics_sitenote_active":false,"_exactmetrics_sitenote_note":"","_exactmetrics_sitenote_category":0,"footnotes":""},"class_list":["post-6","page","type-page","status-publish","hentry"],"yoast_head":"<!-- This site is optimized with the Yoast SEO plugin v27.1.1 - https:\/\/yoast.com\/product\/yoast-seo-wordpress\/ -->\n<title>Home - Hotel Villava en Pamplona<\/title>\n<meta name=\"robots\" content=\"index, follow, max-snippet:-1, max-image-preview:large, max-video-preview:-1\" \/>\n<link rel=\"canonical\" href=\"https:\/\/hotelvillava.com\/enpamplona\/\" \/>\n<meta property=\"og:locale\" content=\"es_ES\" \/>\n<meta property=\"og:type\" content=\"article\" \/>\n<meta property=\"og:title\" content=\"Home - Hotel Villava en Pamplona\" \/>\n<meta property=\"og:description\" content=\"Bienvenido\/a a nuestro hotel Diferentes tipos de habitaciones Est\u00e1ndar. Con 1 o 2 camas. Ba\u00f1o completo.Busines: Con un amplio escritorio para el trabajo y wifi gratuito.Suit. Dispone de sal\u00f3n, cama de 2 m, terraza y ducha hidromasaje y jacuzzi individual.Junior suit: Con 1 cama de 1,80m y terraza Bar &amp; [&hellip;]\" \/>\n<meta property=\"og:url\" content=\"https:\/\/hotelvillava.com\/enpamplona\/\" \/>\n<meta property=\"og:site_name\" content=\"Hotel Villava en Pamplona\" \/>\n<meta property=\"article:modified_time\" content=\"2026-01-14T09:30:16+00:00\" \/>\n<meta property=\"og:image\" content=\"https:\/\/hotelvillava.com\/enpamplona\/wp-content\/uploads\/2024\/04\/banner-logos-kit-digital.png\" \/>\n\t<meta property=\"og:image:width\" content=\"1380\" \/>\n\t<meta property=\"og:image:height\" content=\"90\" \/>\n\t<meta property=\"og:image:type\" content=\"image\/png\" \/>\n<meta name=\"twitter:card\" content=\"summary_large_image\" \/>\n<script type=\"application\/ld+json\" class=\"yoast-schema-graph\">{\"@context\":\"https:\/\/schema.org\",\"@graph\":[{\"@type\":\"WebPage\",\"@id\":\"https:\/\/hotelvillava.com\/enpamplona\/\",\"url\":\"https:\/\/hotelvillava.com\/enpamplona\/\",\"name\":\"Home - Hotel Villava en Pamplona\",\"isPartOf\":{\"@id\":\"https:\/\/hotelvillava.com\/enpamplona\/#website\"},\"primaryImageOfPage\":{\"@id\":\"https:\/\/hotelvillava.com\/enpamplona\/#primaryimage\"},\"image\":{\"@id\":\"https:\/\/hotelvillava.com\/enpamplona\/#primaryimage\"},\"thumbnailUrl\":\"https:\/\/hotelvillava.com\/enpamplona\/wp-content\/uploads\/2024\/04\/banner-logos-kit-digital.png\",\"datePublished\":\"2023-02-22T17:31:42+00:00\",\"dateModified\":\"2026-01-14T09:30:16+00:00\",\"breadcrumb\":{\"@id\":\"https:\/\/hotelvillava.com\/enpamplona\/#breadcrumb\"},\"inLanguage\":\"es\",\"potentialAction\":[{\"@type\":\"ReadAction\",\"target\":[\"https:\/\/hotelvillava.com\/enpamplona\/\"]}]},{\"@type\":\"ImageObject\",\"inLanguage\":\"es\",\"@id\":\"https:\/\/hotelvillava.com\/enpamplona\/#primaryimage\",\"url\":\"https:\/\/hotelvillava.com\/enpamplona\/wp-content\/uploads\/2024\/04\/banner-logos-kit-digital.png\",\"contentUrl\":\"https:\/\/hotelvillava.com\/enpamplona\/wp-content\/uploads\/2024\/04\/banner-logos-kit-digital.png\",\"width\":1380,\"height\":90},{\"@type\":\"BreadcrumbList\",\"@id\":\"https:\/\/hotelvillava.com\/enpamplona\/#breadcrumb\",\"itemListElement\":[{\"@type\":\"ListItem\",\"position\":1,\"name\":\"Portada\",\"item\":\"https:\/\/hotelvillava.com\/enpamplona\/\"},{\"@type\":\"ListItem\",\"position\":2,\"name\":\"Home\"}]},{\"@type\":\"WebSite\",\"@id\":\"https:\/\/hotelvillava.com\/enpamplona\/#website\",\"url\":\"https:\/\/hotelvillava.com\/enpamplona\/\",\"name\":\"Hotel Villava en Pamplona\",\"description\":\"Hotel familiar a 10 minutos del centro de Pamplona\",\"publisher\":{\"@id\":\"https:\/\/hotelvillava.com\/enpamplona\/#organization\"},\"potentialAction\":[{\"@type\":\"SearchAction\",\"target\":{\"@type\":\"EntryPoint\",\"urlTemplate\":\"https:\/\/hotelvillava.com\/enpamplona\/?s={search_term_string}\"},\"query-input\":{\"@type\":\"PropertyValueSpecification\",\"valueRequired\":true,\"valueName\":\"search_term_string\"}}],\"inLanguage\":\"es\"},{\"@type\":\"Organization\",\"@id\":\"https:\/\/hotelvillava.com\/enpamplona\/#organization\",\"name\":\"Hotel Villava en Pamplona\",\"url\":\"https:\/\/hotelvillava.com\/enpamplona\/\",\"logo\":{\"@type\":\"ImageObject\",\"inLanguage\":\"es\",\"@id\":\"https:\/\/hotelvillava.com\/enpamplona\/#\/schema\/logo\/image\/\",\"url\":\"https:\/\/hotelvillava.com\/enpamplona\/wp-content\/uploads\/2023\/02\/cropped-logo-villava-trans-1.png\",\"contentUrl\":\"https:\/\/hotelvillava.com\/enpamplona\/wp-content\/uploads\/2023\/02\/cropped-logo-villava-trans-1.png\",\"width\":665,\"height\":244,\"caption\":\"Hotel Villava en Pamplona\"},\"image\":{\"@id\":\"https:\/\/hotelvillava.com\/enpamplona\/#\/schema\/logo\/image\/\"}}]}<\/script>\n<!-- \/ Yoast SEO plugin. -->","yoast_head_json":{"title":"Home - Hotel Villava en Pamplona","robots":{"index":"index","follow":"follow","max-snippet":"max-snippet:-1","max-image-preview":"max-image-preview:large","max-video-preview":"max-video-preview:-1"},"canonical":"https:\/\/hotelvillava.com\/enpamplona\/","og_locale":"es_ES","og_type":"article","og_title":"Home - Hotel Villava en Pamplona","og_description":"Bienvenido\/a a nuestro hotel Diferentes tipos de habitaciones Est\u00e1ndar. Con 1 o 2 camas. Ba\u00f1o completo.Busines: Con un amplio escritorio para el trabajo y wifi gratuito.Suit. Dispone de sal\u00f3n, cama de 2 m, terraza y ducha hidromasaje y jacuzzi individual.Junior suit: Con 1 cama de 1,80m y terraza Bar &amp; [&hellip;]","og_url":"https:\/\/hotelvillava.com\/enpamplona\/","og_site_name":"Hotel Villava en Pamplona","article_modified_time":"2026-01-14T09:30:16+00:00","og_image":[{"width":1380,"height":90,"url":"https:\/\/hotelvillava.com\/enpamplona\/wp-content\/uploads\/2024\/04\/banner-logos-kit-digital.png","type":"image\/png"}],"twitter_card":"summary_large_image","schema":{"@context":"https:\/\/schema.org","@graph":[{"@type":"WebPage","@id":"https:\/\/hotelvillava.com\/enpamplona\/","url":"https:\/\/hotelvillava.com\/enpamplona\/","name":"Home - Hotel Villava en Pamplona","isPartOf":{"@id":"https:\/\/hotelvillava.com\/enpamplona\/#website"},"primaryImageOfPage":{"@id":"https:\/\/hotelvillava.com\/enpamplona\/#primaryimage"},"image":{"@id":"https:\/\/hotelvillava.com\/enpamplona\/#primaryimage"},"thumbnailUrl":"https:\/\/hotelvillava.com\/enpamplona\/wp-content\/uploads\/2024\/04\/banner-logos-kit-digital.png","datePublished":"2023-02-22T17:31:42+00:00","dateModified":"2026-01-14T09:30:16+00:00","breadcrumb":{"@id":"https:\/\/hotelvillava.com\/enpamplona\/#breadcrumb"},"inLanguage":"es","potentialAction":[{"@type":"ReadAction","target":["https:\/\/hotelvillava.com\/enpamplona\/"]}]},{"@type":"ImageObject","inLanguage":"es","@id":"https:\/\/hotelvillava.com\/enpamplona\/#primaryimage","url":"https:\/\/hotelvillava.com\/enpamplona\/wp-content\/uploads\/2024\/04\/banner-logos-kit-digital.png","contentUrl":"https:\/\/hotelvillava.com\/enpamplona\/wp-content\/uploads\/2024\/04\/banner-logos-kit-digital.png","width":1380,"height":90},{"@type":"BreadcrumbList","@id":"https:\/\/hotelvillava.com\/enpamplona\/#breadcrumb","itemListElement":[{"@type":"ListItem","position":1,"name":"Portada","item":"https:\/\/hotelvillava.com\/enpamplona\/"},{"@type":"ListItem","position":2,"name":"Home"}]},{"@type":"WebSite","@id":"https:\/\/hotelvillava.com\/enpamplona\/#website","url":"https:\/\/hotelvillava.com\/enpamplona\/","name":"Hotel Villava en Pamplona","description":"Hotel familiar a 10 minutos del centro de Pamplona","publisher":{"@id":"https:\/\/hotelvillava.com\/enpamplona\/#organization"},"potentialAction":[{"@type":"SearchAction","target":{"@type":"EntryPoint","urlTemplate":"https:\/\/hotelvillava.com\/enpamplona\/?s={search_term_string}"},"query-input":{"@type":"PropertyValueSpecification","valueRequired":true,"valueName":"search_term_string"}}],"inLanguage":"es"},{"@type":"Organization","@id":"https:\/\/hotelvillava.com\/enpamplona\/#organization","name":"Hotel Villava en Pamplona","url":"https:\/\/hotelvillava.com\/enpamplona\/","logo":{"@type":"ImageObject","inLanguage":"es","@id":"https:\/\/hotelvillava.com\/enpamplona\/#\/schema\/logo\/image\/","url":"https:\/\/hotelvillava.com\/enpamplona\/wp-content\/uploads\/2023\/02\/cropped-logo-villava-trans-1.png","contentUrl":"https:\/\/hotelvillava.com\/enpamplona\/wp-content\/uploads\/2023\/02\/cropped-logo-villava-trans-1.png","width":665,"height":244,"caption":"Hotel Villava en Pamplona"},"image":{"@id":"https:\/\/hotelvillava.com\/enpamplona\/#\/schema\/logo\/image\/"}}]}},"_links":{"self":[{"href":"https:\/\/hotelvillava.com\/enpamplona\/wp-json\/wp\/v2\/pages\/6","targetHints":{"allow":["GET"]}}],"collection":[{"href":"https:\/\/hotelvillava.com\/enpamplona\/wp-json\/wp\/v2\/pages"}],"about":[{"href":"https:\/\/hotelvillava.com\/enpamplona\/wp-json\/wp\/v2\/types\/page"}],"author":[{"embeddable":true,"href":"https:\/\/hotelvillava.com\/enpamplona\/wp-json\/wp\/v2\/users\/1"}],"replies":[{"embeddable":true,"href":"https:\/\/hotelvillava.com\/enpamplona\/wp-json\/wp\/v2\/comments?post=6"}],"version-history":[{"count":172,"href":"https:\/\/hotelvillava.com\/enpamplona\/wp-json\/wp\/v2\/pages\/6\/revisions"}],"predecessor-version":[{"id":3178,"href":"https:\/\/hotelvillava.com\/enpamplona\/wp-json\/wp\/v2\/pages\/6\/revisions\/3178"}],"wp:attachment":[{"href":"https:\/\/hotelvillava.com\/enpamplona\/wp-json\/wp\/v2\/media?parent=6"}],"curies":[{"name":"wp","href":"https:\/\/api.w.org\/{rel}","templated":true}]}}