{"id":304,"date":"2023-03-22T12:49:31","date_gmt":"2023-03-22T12:49:31","guid":{"rendered":"https:\/\/hotelvillava.com\/enpamplona\/?page_id=304"},"modified":"2024-07-14T10:24:44","modified_gmt":"2024-07-14T10:24:44","slug":"bienvenido","status":"publish","type":"page","link":"https:\/\/hotelvillava.com\/enpamplona\/bienvenido\/","title":{"rendered":"Bienvenido"},"content":{"rendered":"\t\t<div data-elementor-type=\"wp-post\" data-elementor-id=\"304\" class=\"elementor elementor-304\">\n\t\t\t\t\t\t<section class=\"elementor-section elementor-top-section elementor-element elementor-element-3b94f73 elementor-section-height-min-height elementor-section-boxed elementor-section-height-default elementor-section-items-middle\" data-id=\"3b94f73\" data-element_type=\"section\" data-e-type=\"section\" data-settings=\"{&quot;background_background&quot;:&quot;classic&quot;}\">\n\t\t\t\t\t\t\t<div class=\"elementor-background-overlay\"><\/div>\n\t\t\t\t\t\t\t<div class=\"elementor-container elementor-column-gap-default\">\n\t\t\t\t\t<div class=\"elementor-column elementor-col-100 elementor-top-column elementor-element elementor-element-603c11e\" data-id=\"603c11e\" data-element_type=\"column\" data-e-type=\"column\">\n\t\t\t<div class=\"elementor-widget-wrap\">\n\t\t\t\t\t\t\t<\/div>\n\t\t<\/div>\n\t\t\t\t\t<\/div>\n\t\t<\/section>\n\t\t<div class=\"elementor-element elementor-element-dba2bf3 e-flex e-con-boxed e-con e-parent\" data-id=\"dba2bf3\" data-element_type=\"container\" data-e-type=\"container\">\n\t\t\t\t\t<div class=\"e-con-inner\">\n\t\t<div class=\"elementor-element elementor-element-0f6cfcb e-con-full e-flex e-con e-child\" data-id=\"0f6cfcb\" data-element_type=\"container\" data-e-type=\"container\">\n\t\t\t\t<div class=\"elementor-element elementor-element-2dc876f elementor-widget elementor-widget-text-editor\" data-id=\"2dc876f\" data-element_type=\"widget\" data-e-type=\"widget\" data-widget_type=\"text-editor.default\">\n\t\t\t\t<div class=\"elementor-widget-container\">\n\t\t\t\t\t\t\t\t\t<p><span style=\"color: #000000;\">Bienvenid@!<\/span><\/p><p><span style=\"color: #000000;\">Es un placer para nosotros poder darle la bienvenida a nuestro establecimiento en nombre de todas las personas que forman parte del equipo profesional.<\/span><\/p><p><span style=\"color: #000000;\">\u00a0Aprovechamos el momento para desearle, una feliz estancia y esperamos que nuestros servicios sean de su agrado, ya que \u00e9sa es nuestra principal meta.<\/span><\/p><p><span style=\"color: #000000;\">\u00a0Agradeci\u00e9ndole de antemano el inter\u00e9s mostrado en nuestro establecimiento, y esperando poder atenderle en otra ocasi\u00f3n.<\/span><\/p><p><span style=\"color: #000000;\">Se despide atentamente,<\/span><\/p><p><span style=\"color: #000000;\">\u00a0La Direcci\u00f3n.<\/span><\/p>\t\t\t\t\t\t\t\t<\/div>\n\t\t\t\t<\/div>\n\t\t\t\t<\/div>\n\t\t\t\t\t<\/div>\n\t\t\t\t<\/div>\n\t\t<div class=\"elementor-element elementor-element-07fe228 e-flex e-con-boxed e-con e-parent\" data-id=\"07fe228\" data-element_type=\"container\" data-e-type=\"container\">\n\t\t\t\t\t<div class=\"e-con-inner\">\n\t\t<div class=\"elementor-element elementor-element-7540fba e-con-full e-flex e-con e-child\" data-id=\"7540fba\" data-element_type=\"container\" data-e-type=\"container\">\n\t\t\t\t<div class=\"elementor-element elementor-element-c3a0256 elementor-widget elementor-widget-text-editor\" data-id=\"c3a0256\" data-element_type=\"widget\" data-e-type=\"widget\" data-widget_type=\"text-editor.default\">\n\t\t\t\t<div class=\"elementor-widget-container\">\n\t\t\t\t\t\t\t\t\t<h5 class=\"et_pb_toggle_title\">Horarios<\/h5><div class=\"et_pb_toggle_content clearfix\"><h2>CAFETERIA:<\/h2><p>De lunes a domingo 07:30h \u2013 23:00h<\/p><h2>RESTAURANTE:<\/h2><h3>\u00a0<\/h3><h3>Desayuno Buffet:<\/h3><p>De lunes a viernes 07:00 \u2013 10:00.<br \/>S\u00e1bado, domingo y festivos 07:30 \u2013 10:00.<\/p><h3>Men\u00fa diario y\u00a0<\/h3><h3>Carta de cafeter\u00eda:<\/h3><p>De lunes a viernes de 13:00h a 15:30h y de 20:15h a 22:30h.<br \/>S\u00e1bados, domingos y festivos de 13:30 a 15:30h y de\u00a020:15h a 22:30h.<\/p><p>\u00a0Room service<\/p><h3><em>Servicio Habitaciones:<\/em><\/h3><p>Lunes a Domingo:<br \/>Bebidas: de 09:00h a 23:00h.<br \/>Comida: 13:00h a 15:30h y de 20:15h a 22:30h<\/p><\/div>\t\t\t\t\t\t\t\t<\/div>\n\t\t\t\t<\/div>\n\t\t\t\t<\/div>\n\t\t\t\t\t<\/div>\n\t\t\t\t<\/div>\n\t\t<div class=\"elementor-element elementor-element-bf9afb4 e-flex e-con-boxed e-con e-parent\" data-id=\"bf9afb4\" data-element_type=\"container\" data-e-type=\"container\">\n\t\t\t\t\t<div class=\"e-con-inner\">\n\t\t\t\t<div class=\"elementor-element elementor-element-a63aa54 elementor-widget elementor-widget-accordion\" data-id=\"a63aa54\" data-element_type=\"widget\" data-e-type=\"widget\" data-widget_type=\"accordion.default\">\n\t\t\t\t<div class=\"elementor-widget-container\">\n\t\t\t\t\t\t\t<div class=\"elementor-accordion\">\n\t\t\t\t\t\t\t<div class=\"elementor-accordion-item\">\n\t\t\t\t\t<div id=\"elementor-tab-title-1741\" class=\"elementor-tab-title\" data-tab=\"1\" role=\"button\" aria-controls=\"elementor-tab-content-1741\" aria-expanded=\"false\">\n\t\t\t\t\t\t\t\t\t\t\t\t\t<span class=\"elementor-accordion-icon elementor-accordion-icon-left\" aria-hidden=\"true\">\n\t\t\t\t\t\t\t\t\t\t\t\t\t\t\t<span class=\"elementor-accordion-icon-closed\"><i class=\"fas fa-plus\"><\/i><\/span>\n\t\t\t\t\t\t\t\t<span class=\"elementor-accordion-icon-opened\"><i class=\"fas fa-minus\"><\/i><\/span>\n\t\t\t\t\t\t\t\t\t\t\t\t\t\t<\/span>\n\t\t\t\t\t\t\t\t\t\t\t\t<a class=\"elementor-accordion-title\" tabindex=\"0\">CAJAS FUERTES<\/a>\n\t\t\t\t\t<\/div>\n\t\t\t\t\t<div id=\"elementor-tab-content-1741\" class=\"elementor-tab-content elementor-clearfix\" data-tab=\"1\" role=\"region\" aria-labelledby=\"elementor-tab-title-1741\"><p>LA DIRECCI\u00d3N NO SE HACE RESPONSABLE DE LOS ROBOS DE<br \/>EFECTOS PERSONALES EN SU HABITACI\u00d3N<\/p><p>Instrucciones de uso<br \/>1\u00ba Introducir la llave por la parte interior de la puerta y girar hacia la<br \/>derecha.<br \/>2\u00ba Pulsar el bot\u00f3n hasta que se escuche una se\u00f1al ac\u00fastica.<br \/>3\u00ba Marcar el n\u00famero de su c\u00f3digo (8 cifras m\u00e1x.) y seguidamente<br \/>pulsar la tecla A (solamente la primera vez) para fijar su c\u00f3digo.<br \/>Hecha esta operaci\u00f3n haremos una comprobaci\u00f3n para asegurarnos<br \/>de que la combinaci\u00f3n puesta es la correcta y giraremos el pomo<br \/>hacia la derecha. Pulsar B.<br \/>4\u00ba Para cerrar.<br \/>Cerrar la puerta girando el pomo hacia la izquierda.<br \/>5\u00ba Para abrir.<br \/>Cada vez que quiera abrir la caja, pulse el n\u00famero elegido por Vd.<br \/>M\u00e1s la tecla B y gire el pomo hacia la derecha.<br \/>IMPORTANTE:<br \/>Por razones de seguridad, la caja se bloquear\u00e1 durante 20 minutos<br \/>si se marca un c\u00f3digo falso 4 veces consecutivas. Durante este<br \/>tiempo se escucha un sonido seguido.<br \/>ROGAMOS QUE A LA HORA DE SALIDA TENGA LA AMABILIDAD<br \/>DE ENTREGAR LA LLAVE DE SU CAJA FUERTE EN RECEPCI\u00d3N<br \/>Y DEJAR LA PUERTA DE LA CAJA ABIERTA, CON LOS<br \/>BULONES DE CIERRE PARA FUERA.<br \/>MUCHAS GRACIAS<\/p><\/div>\n\t\t\t\t<\/div>\n\t\t\t\t\t\t\t<div class=\"elementor-accordion-item\">\n\t\t\t\t\t<div id=\"elementor-tab-title-1742\" class=\"elementor-tab-title\" data-tab=\"2\" role=\"button\" aria-controls=\"elementor-tab-content-1742\" aria-expanded=\"false\">\n\t\t\t\t\t\t\t\t\t\t\t\t\t<span class=\"elementor-accordion-icon elementor-accordion-icon-left\" aria-hidden=\"true\">\n\t\t\t\t\t\t\t\t\t\t\t\t\t\t\t<span class=\"elementor-accordion-icon-closed\"><i class=\"fas fa-plus\"><\/i><\/span>\n\t\t\t\t\t\t\t\t<span class=\"elementor-accordion-icon-opened\"><i class=\"fas fa-minus\"><\/i><\/span>\n\t\t\t\t\t\t\t\t\t\t\t\t\t\t<\/span>\n\t\t\t\t\t\t\t\t\t\t\t\t<a class=\"elementor-accordion-title\" tabindex=\"0\">HORARIOS<\/a>\n\t\t\t\t\t<\/div>\n\t\t\t\t\t<div id=\"elementor-tab-content-1742\" class=\"elementor-tab-content elementor-clearfix\" data-tab=\"2\" role=\"region\" aria-labelledby=\"elementor-tab-title-1742\"><h2>CAFETERIA:<\/h2><p>De lunes a domingo 07:30h \u2013 22:00h<\/p><h2>RESTAURANTE:<\/h2><h3>\u00a0<\/h3><h3>Desayuno Buffet:<\/h3><p>De lunes a viernes 07:00 \u2013 10:00.<br \/>S\u00e1bado, domingo y festivos 07:30 \u2013 10:00.<\/p><h3>Men\u00fa diario y\u00a0<\/h3><h3>Carta de cafeter\u00eda:<\/h3><p>De lunes a viernes de 13:00h a 15:30h y de 20:15h a 22:30h.<br \/>S\u00e1bados, domingos y festivos de 13:30 a 15:30h y de\u00a020:15h a 22:30h.<\/p><p>\u00a0Room service<\/p><h3><em>Servicio Habitaciones:<\/em><\/h3><p>Lunes a Domingo:<br \/>Bebidas: de 09:00h a 23:00h.<br \/>Comida: 13:00h a 15:30h y de 20:15h a 22:30h<\/p><\/div>\n\t\t\t\t<\/div>\n\t\t\t\t\t\t\t<div class=\"elementor-accordion-item\">\n\t\t\t\t\t<div id=\"elementor-tab-title-1743\" class=\"elementor-tab-title\" data-tab=\"3\" role=\"button\" aria-controls=\"elementor-tab-content-1743\" aria-expanded=\"false\">\n\t\t\t\t\t\t\t\t\t\t\t\t\t<span class=\"elementor-accordion-icon elementor-accordion-icon-left\" aria-hidden=\"true\">\n\t\t\t\t\t\t\t\t\t\t\t\t\t\t\t<span class=\"elementor-accordion-icon-closed\"><i class=\"fas fa-plus\"><\/i><\/span>\n\t\t\t\t\t\t\t\t<span class=\"elementor-accordion-icon-opened\"><i class=\"fas fa-minus\"><\/i><\/span>\n\t\t\t\t\t\t\t\t\t\t\t\t\t\t<\/span>\n\t\t\t\t\t\t\t\t\t\t\t\t<a class=\"elementor-accordion-title\" tabindex=\"0\">TIPOS DE HABITACIONES<\/a>\n\t\t\t\t\t<\/div>\n\t\t\t\t\t<div id=\"elementor-tab-content-1743\" class=\"elementor-tab-content elementor-clearfix\" data-tab=\"3\" role=\"region\" aria-labelledby=\"elementor-tab-title-1743\"><p>El hotel dispone diferentes tipos de habitaciones: Todas ellas amplias, confortables, totalmente equipadas, luminosas y con materiales de la m\u00e1s alta calidad.<\/p><p>\u00a0<\/p><p>1-\u00a0<u>Habitaci\u00f3n est\u00e1ndar (cama individual o dos camas)<\/u><\/p><p>2-\u00a0<u>Habitaci\u00f3n Junior Suite<\/u><\/p><p>3-\u00a0<u>Habitaci\u00f3n Suite<\/u><\/p><p>4-\u00a0<u>Habitaci\u00f3n Triple<br \/><\/u><\/p><p>5-\u00a0<u>Habitaciones familiares<\/u><\/p><\/div>\n\t\t\t\t<\/div>\n\t\t\t\t\t\t\t<div class=\"elementor-accordion-item\">\n\t\t\t\t\t<div id=\"elementor-tab-title-1744\" class=\"elementor-tab-title\" data-tab=\"4\" role=\"button\" aria-controls=\"elementor-tab-content-1744\" aria-expanded=\"false\">\n\t\t\t\t\t\t\t\t\t\t\t\t\t<span class=\"elementor-accordion-icon elementor-accordion-icon-left\" aria-hidden=\"true\">\n\t\t\t\t\t\t\t\t\t\t\t\t\t\t\t<span class=\"elementor-accordion-icon-closed\"><i class=\"fas fa-plus\"><\/i><\/span>\n\t\t\t\t\t\t\t\t<span class=\"elementor-accordion-icon-opened\"><i class=\"fas fa-minus\"><\/i><\/span>\n\t\t\t\t\t\t\t\t\t\t\t\t\t\t<\/span>\n\t\t\t\t\t\t\t\t\t\t\t\t<a class=\"elementor-accordion-title\" tabindex=\"0\">AIRE ACONDICIONADO<\/a>\n\t\t\t\t\t<\/div>\n\t\t\t\t\t<div id=\"elementor-tab-content-1744\" class=\"elementor-tab-content elementor-clearfix\" data-tab=\"4\" role=\"region\" aria-labelledby=\"elementor-tab-title-1744\"><p>Para conectar el aire acondicionado o la calefacci\u00f3n, primero hay que encenderlo con el bot\u00f3n ON.<\/p><p>Seguidamente, se coloca la velocidad de salida de aire con las posiciones I, II, III o autom\u00e1tico.<\/p><p>Una vez encendido y colocada la velocidad, pasaremos a elegir la temperatura deseada, por medio de las flechas situadas debajo del marcador digital de temperatura.<\/p><p>Si deseamos apagar el aire volvemos a presionar el bot\u00f3n ON y queda en posici\u00f3n de apagado.<\/p><\/div>\n\t\t\t\t<\/div>\n\t\t\t\t\t\t\t\t<\/div>\n\t\t\t\t\t\t<\/div>\n\t\t\t\t<\/div>\n\t\t\t\t\t<\/div>\n\t\t\t\t<\/div>\n\t\t\t\t<\/div>\n\t\t","protected":false},"excerpt":{"rendered":"<p>Bienvenid@! Es un placer para nosotros poder darle la bienvenida a nuestro establecimiento en nombre de todas las personas que forman parte del equipo profesional. \u00a0Aprovechamos el momento para desearle, una feliz estancia y esperamos que nuestros servicios sean de su agrado, ya que \u00e9sa es nuestra principal meta. \u00a0Agradeci\u00e9ndole [&hellip;]<\/p>\n","protected":false},"author":1,"featured_media":0,"parent":0,"menu_order":0,"comment_status":"closed","ping_status":"closed","template":"","meta":{"_exactmetrics_skip_tracking":false,"_exactmetrics_sitenote_active":false,"_exactmetrics_sitenote_note":"","_exactmetrics_sitenote_category":0,"footnotes":""},"class_list":["post-304","page","type-page","status-publish","hentry"],"yoast_head":"<!-- This site is optimized with the Yoast SEO plugin v27.1.1 - https:\/\/yoast.com\/product\/yoast-seo-wordpress\/ -->\n<title>Bienvenido - Hotel Villava en Pamplona<\/title>\n<meta name=\"robots\" content=\"index, follow, max-snippet:-1, max-image-preview:large, max-video-preview:-1\" \/>\n<link rel=\"canonical\" href=\"https:\/\/hotelvillava.com\/enpamplona\/bienvenido\/\" \/>\n<meta property=\"og:locale\" content=\"es_ES\" \/>\n<meta property=\"og:type\" content=\"article\" \/>\n<meta property=\"og:title\" content=\"Bienvenido - Hotel Villava en Pamplona\" \/>\n<meta property=\"og:description\" content=\"Bienvenid@! Es un placer para nosotros poder darle la bienvenida a nuestro establecimiento en nombre de todas las personas que forman parte del equipo profesional. \u00a0Aprovechamos el momento para desearle, una feliz estancia y esperamos que nuestros servicios sean de su agrado, ya que \u00e9sa es nuestra principal meta. \u00a0Agradeci\u00e9ndole [&hellip;]\" \/>\n<meta property=\"og:url\" content=\"https:\/\/hotelvillava.com\/enpamplona\/bienvenido\/\" \/>\n<meta property=\"og:site_name\" content=\"Hotel Villava en Pamplona\" \/>\n<meta property=\"article:modified_time\" content=\"2024-07-14T10:24:44+00:00\" \/>\n<meta name=\"twitter:card\" content=\"summary_large_image\" \/>\n<meta name=\"twitter:label1\" content=\"Tiempo de lectura\" \/>\n\t<meta name=\"twitter:data1\" content=\"3 minutos\" \/>\n<script type=\"application\/ld+json\" class=\"yoast-schema-graph\">{\"@context\":\"https:\/\/schema.org\",\"@graph\":[{\"@type\":\"WebPage\",\"@id\":\"https:\/\/hotelvillava.com\/enpamplona\/bienvenido\/\",\"url\":\"https:\/\/hotelvillava.com\/enpamplona\/bienvenido\/\",\"name\":\"Bienvenido - Hotel Villava en Pamplona\",\"isPartOf\":{\"@id\":\"https:\/\/hotelvillava.com\/enpamplona\/#website\"},\"datePublished\":\"2023-03-22T12:49:31+00:00\",\"dateModified\":\"2024-07-14T10:24:44+00:00\",\"breadcrumb\":{\"@id\":\"https:\/\/hotelvillava.com\/enpamplona\/bienvenido\/#breadcrumb\"},\"inLanguage\":\"es\",\"potentialAction\":[{\"@type\":\"ReadAction\",\"target\":[\"https:\/\/hotelvillava.com\/enpamplona\/bienvenido\/\"]}]},{\"@type\":\"BreadcrumbList\",\"@id\":\"https:\/\/hotelvillava.com\/enpamplona\/bienvenido\/#breadcrumb\",\"itemListElement\":[{\"@type\":\"ListItem\",\"position\":1,\"name\":\"Portada\",\"item\":\"https:\/\/hotelvillava.com\/enpamplona\/\"},{\"@type\":\"ListItem\",\"position\":2,\"name\":\"Bienvenido\"}]},{\"@type\":\"WebSite\",\"@id\":\"https:\/\/hotelvillava.com\/enpamplona\/#website\",\"url\":\"https:\/\/hotelvillava.com\/enpamplona\/\",\"name\":\"Hotel Villava en Pamplona\",\"description\":\"Hotel familiar a 10 minutos del centro de Pamplona\",\"publisher\":{\"@id\":\"https:\/\/hotelvillava.com\/enpamplona\/#organization\"},\"potentialAction\":[{\"@type\":\"SearchAction\",\"target\":{\"@type\":\"EntryPoint\",\"urlTemplate\":\"https:\/\/hotelvillava.com\/enpamplona\/?s={search_term_string}\"},\"query-input\":{\"@type\":\"PropertyValueSpecification\",\"valueRequired\":true,\"valueName\":\"search_term_string\"}}],\"inLanguage\":\"es\"},{\"@type\":\"Organization\",\"@id\":\"https:\/\/hotelvillava.com\/enpamplona\/#organization\",\"name\":\"Hotel Villava en Pamplona\",\"url\":\"https:\/\/hotelvillava.com\/enpamplona\/\",\"logo\":{\"@type\":\"ImageObject\",\"inLanguage\":\"es\",\"@id\":\"https:\/\/hotelvillava.com\/enpamplona\/#\/schema\/logo\/image\/\",\"url\":\"https:\/\/hotelvillava.com\/enpamplona\/wp-content\/uploads\/2023\/02\/cropped-logo-villava-trans-1.png\",\"contentUrl\":\"https:\/\/hotelvillava.com\/enpamplona\/wp-content\/uploads\/2023\/02\/cropped-logo-villava-trans-1.png\",\"width\":665,\"height\":244,\"caption\":\"Hotel Villava en Pamplona\"},\"image\":{\"@id\":\"https:\/\/hotelvillava.com\/enpamplona\/#\/schema\/logo\/image\/\"}}]}<\/script>\n<!-- \/ Yoast SEO plugin. -->","yoast_head_json":{"title":"Bienvenido - Hotel Villava en Pamplona","robots":{"index":"index","follow":"follow","max-snippet":"max-snippet:-1","max-image-preview":"max-image-preview:large","max-video-preview":"max-video-preview:-1"},"canonical":"https:\/\/hotelvillava.com\/enpamplona\/bienvenido\/","og_locale":"es_ES","og_type":"article","og_title":"Bienvenido - Hotel Villava en Pamplona","og_description":"Bienvenid@! Es un placer para nosotros poder darle la bienvenida a nuestro establecimiento en nombre de todas las personas que forman parte del equipo profesional. \u00a0Aprovechamos el momento para desearle, una feliz estancia y esperamos que nuestros servicios sean de su agrado, ya que \u00e9sa es nuestra principal meta. \u00a0Agradeci\u00e9ndole [&hellip;]","og_url":"https:\/\/hotelvillava.com\/enpamplona\/bienvenido\/","og_site_name":"Hotel Villava en Pamplona","article_modified_time":"2024-07-14T10:24:44+00:00","twitter_card":"summary_large_image","twitter_misc":{"Tiempo de lectura":"3 minutos"},"schema":{"@context":"https:\/\/schema.org","@graph":[{"@type":"WebPage","@id":"https:\/\/hotelvillava.com\/enpamplona\/bienvenido\/","url":"https:\/\/hotelvillava.com\/enpamplona\/bienvenido\/","name":"Bienvenido - Hotel Villava en Pamplona","isPartOf":{"@id":"https:\/\/hotelvillava.com\/enpamplona\/#website"},"datePublished":"2023-03-22T12:49:31+00:00","dateModified":"2024-07-14T10:24:44+00:00","breadcrumb":{"@id":"https:\/\/hotelvillava.com\/enpamplona\/bienvenido\/#breadcrumb"},"inLanguage":"es","potentialAction":[{"@type":"ReadAction","target":["https:\/\/hotelvillava.com\/enpamplona\/bienvenido\/"]}]},{"@type":"BreadcrumbList","@id":"https:\/\/hotelvillava.com\/enpamplona\/bienvenido\/#breadcrumb","itemListElement":[{"@type":"ListItem","position":1,"name":"Portada","item":"https:\/\/hotelvillava.com\/enpamplona\/"},{"@type":"ListItem","position":2,"name":"Bienvenido"}]},{"@type":"WebSite","@id":"https:\/\/hotelvillava.com\/enpamplona\/#website","url":"https:\/\/hotelvillava.com\/enpamplona\/","name":"Hotel Villava en Pamplona","description":"Hotel familiar a 10 minutos del centro de Pamplona","publisher":{"@id":"https:\/\/hotelvillava.com\/enpamplona\/#organization"},"potentialAction":[{"@type":"SearchAction","target":{"@type":"EntryPoint","urlTemplate":"https:\/\/hotelvillava.com\/enpamplona\/?s={search_term_string}"},"query-input":{"@type":"PropertyValueSpecification","valueRequired":true,"valueName":"search_term_string"}}],"inLanguage":"es"},{"@type":"Organization","@id":"https:\/\/hotelvillava.com\/enpamplona\/#organization","name":"Hotel Villava en Pamplona","url":"https:\/\/hotelvillava.com\/enpamplona\/","logo":{"@type":"ImageObject","inLanguage":"es","@id":"https:\/\/hotelvillava.com\/enpamplona\/#\/schema\/logo\/image\/","url":"https:\/\/hotelvillava.com\/enpamplona\/wp-content\/uploads\/2023\/02\/cropped-logo-villava-trans-1.png","contentUrl":"https:\/\/hotelvillava.com\/enpamplona\/wp-content\/uploads\/2023\/02\/cropped-logo-villava-trans-1.png","width":665,"height":244,"caption":"Hotel Villava en Pamplona"},"image":{"@id":"https:\/\/hotelvillava.com\/enpamplona\/#\/schema\/logo\/image\/"}}]}},"_links":{"self":[{"href":"https:\/\/hotelvillava.com\/enpamplona\/wp-json\/wp\/v2\/pages\/304","targetHints":{"allow":["GET"]}}],"collection":[{"href":"https:\/\/hotelvillava.com\/enpamplona\/wp-json\/wp\/v2\/pages"}],"about":[{"href":"https:\/\/hotelvillava.com\/enpamplona\/wp-json\/wp\/v2\/types\/page"}],"author":[{"embeddable":true,"href":"https:\/\/hotelvillava.com\/enpamplona\/wp-json\/wp\/v2\/users\/1"}],"replies":[{"embeddable":true,"href":"https:\/\/hotelvillava.com\/enpamplona\/wp-json\/wp\/v2\/comments?post=304"}],"version-history":[{"count":13,"href":"https:\/\/hotelvillava.com\/enpamplona\/wp-json\/wp\/v2\/pages\/304\/revisions"}],"predecessor-version":[{"id":1718,"href":"https:\/\/hotelvillava.com\/enpamplona\/wp-json\/wp\/v2\/pages\/304\/revisions\/1718"}],"wp:attachment":[{"href":"https:\/\/hotelvillava.com\/enpamplona\/wp-json\/wp\/v2\/media?parent=304"}],"curies":[{"name":"wp","href":"https:\/\/api.w.org\/{rel}","templated":true}]}}