{"id":2841,"date":"2025-09-10T10:37:55","date_gmt":"2025-09-10T10:37:55","guid":{"rendered":"https:\/\/hotelvillava.com\/enpamplona\/?page_id=2841"},"modified":"2026-04-16T10:42:28","modified_gmt":"2026-04-16T10:42:28","slug":"voyconmiperro","status":"publish","type":"page","link":"https:\/\/hotelvillava.com\/enpamplona\/voyconmiperro\/","title":{"rendered":"voyconmiperro"},"content":{"rendered":"\t\t<div data-elementor-type=\"wp-page\" data-elementor-id=\"2841\" class=\"elementor elementor-2841\">\n\t\t\t\t<div class=\"elementor-element elementor-element-e891f58 e-flex e-con-boxed e-con e-parent\" data-id=\"e891f58\" data-element_type=\"container\" data-e-type=\"container\">\n\t\t\t\t\t<div class=\"e-con-inner\">\n\t\t\t\t<div class=\"elementor-element elementor-element-cf022d6 elementor-widget elementor-widget-image\" data-id=\"cf022d6\" data-element_type=\"widget\" data-e-type=\"widget\" data-widget_type=\"image.default\">\n\t\t\t\t<div class=\"elementor-widget-container\">\n\t\t\t\t\t\t\t\t\t\t\t\t\t\t\t<img fetchpriority=\"high\" decoding=\"async\" width=\"930\" height=\"259\" src=\"https:\/\/hotelvillava.com\/enpamplona\/wp-content\/uploads\/2026\/04\/PORTADA_NUEVO_LAVADERO_MASCOTAS_en-el-hotel-villava-1024x285.jpg\" class=\"attachment-large size-large wp-image-3507\" alt=\"\" srcset=\"https:\/\/hotelvillava.com\/enpamplona\/wp-content\/uploads\/2026\/04\/PORTADA_NUEVO_LAVADERO_MASCOTAS_en-el-hotel-villava-1024x285.jpg 1024w, https:\/\/hotelvillava.com\/enpamplona\/wp-content\/uploads\/2026\/04\/PORTADA_NUEVO_LAVADERO_MASCOTAS_en-el-hotel-villava-300x83.jpg 300w, https:\/\/hotelvillava.com\/enpamplona\/wp-content\/uploads\/2026\/04\/PORTADA_NUEVO_LAVADERO_MASCOTAS_en-el-hotel-villava-768x213.jpg 768w, https:\/\/hotelvillava.com\/enpamplona\/wp-content\/uploads\/2026\/04\/PORTADA_NUEVO_LAVADERO_MASCOTAS_en-el-hotel-villava-1536x427.jpg 1536w, https:\/\/hotelvillava.com\/enpamplona\/wp-content\/uploads\/2026\/04\/PORTADA_NUEVO_LAVADERO_MASCOTAS_en-el-hotel-villava-2048x569.jpg 2048w, https:\/\/hotelvillava.com\/enpamplona\/wp-content\/uploads\/2026\/04\/PORTADA_NUEVO_LAVADERO_MASCOTAS_en-el-hotel-villava-2000x556.jpg 2000w, https:\/\/hotelvillava.com\/enpamplona\/wp-content\/uploads\/2026\/04\/PORTADA_NUEVO_LAVADERO_MASCOTAS_en-el-hotel-villava-1000x278.jpg 1000w, https:\/\/hotelvillava.com\/enpamplona\/wp-content\/uploads\/2026\/04\/PORTADA_NUEVO_LAVADERO_MASCOTAS_en-el-hotel-villava-1800x500.jpg 1800w, https:\/\/hotelvillava.com\/enpamplona\/wp-content\/uploads\/2026\/04\/PORTADA_NUEVO_LAVADERO_MASCOTAS_en-el-hotel-villava-2016x560.jpg 2016w, https:\/\/hotelvillava.com\/enpamplona\/wp-content\/uploads\/2026\/04\/PORTADA_NUEVO_LAVADERO_MASCOTAS_en-el-hotel-villava-600x167.jpg 600w\" sizes=\"(max-width: 930px) 100vw, 930px\" \/>\t\t\t\t\t\t\t\t\t\t\t\t\t\t\t<\/div>\n\t\t\t\t<\/div>\n\t\t\t\t<div class=\"elementor-element elementor-element-4f3ec14 elementor-widget elementor-widget-wpzoom-elementor-addons-image-box\" data-id=\"4f3ec14\" data-element_type=\"widget\" data-e-type=\"widget\" data-widget_type=\"wpzoom-elementor-addons-image-box.default\">\n\t\t\t\t<div class=\"elementor-widget-container\">\n\t\t\t\t\t\t\t<div class=\"wpzoom-elementor-addons-image-box\">\n\t\t\t<h3>\n\t\t\t\t<span class=\"wpzoom-elementor-addons-image-box-link not-linked has-image\" style=\"background-image:url('https:\/\/hotelvillava.com\/enpamplona\/wp-content\/uploads\/2025\/09\/Perro-en-la-recepcion-del-hotel-villava.jpg');\"><span>Los perros son bienvenidos en nuestro hotel<\/span><\/span>\t\t\t<\/h3>\n\t\t<\/div><!-- \/\/.wpzoom-elementor-addons-image-box -->\n\t\t\t\t\t\t<\/div>\n\t\t\t\t<\/div>\n\t\t\t\t\t<\/div>\n\t\t\t\t<\/div>\n\t\t<div class=\"elementor-element elementor-element-7166e30 e-flex e-con-boxed e-con e-parent\" data-id=\"7166e30\" data-element_type=\"container\" data-e-type=\"container\">\n\t\t\t\t\t<div class=\"e-con-inner\">\n\t\t<div class=\"elementor-element elementor-element-ae53c2f e-con-full e-flex e-con e-child\" data-id=\"ae53c2f\" data-element_type=\"container\" data-e-type=\"container\">\n\t\t\t\t<div class=\"elementor-element elementor-element-7695e3f elementor-widget elementor-widget-image\" data-id=\"7695e3f\" data-element_type=\"widget\" data-e-type=\"widget\" data-widget_type=\"image.default\">\n\t\t\t\t<div class=\"elementor-widget-container\">\n\t\t\t\t\t\t\t\t\t\t\t\t\t\t\t<img decoding=\"async\" width=\"930\" height=\"862\" src=\"https:\/\/hotelvillava.com\/enpamplona\/wp-content\/uploads\/2026\/04\/perrete-1024x949.jpg\" class=\"attachment-large size-large wp-image-3508\" alt=\"Lavadero de mascotas Hotel Villava Pamplona\" srcset=\"https:\/\/hotelvillava.com\/enpamplona\/wp-content\/uploads\/2026\/04\/perrete-1024x949.jpg 1024w, https:\/\/hotelvillava.com\/enpamplona\/wp-content\/uploads\/2026\/04\/perrete-300x278.jpg 300w, https:\/\/hotelvillava.com\/enpamplona\/wp-content\/uploads\/2026\/04\/perrete-768x712.jpg 768w, https:\/\/hotelvillava.com\/enpamplona\/wp-content\/uploads\/2026\/04\/perrete-1536x1423.jpg 1536w, https:\/\/hotelvillava.com\/enpamplona\/wp-content\/uploads\/2026\/04\/perrete-2048x1898.jpg 2048w, https:\/\/hotelvillava.com\/enpamplona\/wp-content\/uploads\/2026\/04\/perrete-2000x1853.jpg 2000w, https:\/\/hotelvillava.com\/enpamplona\/wp-content\/uploads\/2026\/04\/perrete-1000x927.jpg 1000w, https:\/\/hotelvillava.com\/enpamplona\/wp-content\/uploads\/2026\/04\/perrete-1800x1668.jpg 1800w, https:\/\/hotelvillava.com\/enpamplona\/wp-content\/uploads\/2026\/04\/perrete-604x560.jpg 604w, https:\/\/hotelvillava.com\/enpamplona\/wp-content\/uploads\/2026\/04\/perrete-600x556.jpg 600w\" sizes=\"(max-width: 930px) 100vw, 930px\" \/>\t\t\t\t\t\t\t\t\t\t\t\t\t\t\t<\/div>\n\t\t\t\t<\/div>\n\t\t\t\t<\/div>\n\t\t<div class=\"elementor-element elementor-element-5c6d5ec e-con-full e-flex e-con e-child\" data-id=\"5c6d5ec\" data-element_type=\"container\" data-e-type=\"container\">\n\t\t\t\t<div class=\"elementor-element elementor-element-6a77269 elementor-widget elementor-widget-text-editor\" data-id=\"6a77269\" data-element_type=\"widget\" data-e-type=\"widget\" data-widget_type=\"text-editor.default\">\n\t\t\t\t<div class=\"elementor-widget-container\">\n\t\t\t\t\t\t\t\t\t<h3 style=\"text-align: left;\">En breve podr\u00e1s disfrutar de nuestra ba\u00f1era autoservicio para lavar mascotas.<br \/><br \/>Lavar a tu mascota en nuestra ba\u00f1era es muy facil y econ\u00f3mico!<br \/><br \/>Adem\u00e1s despu\u00e9s del ba\u00f1o puedes dar un paseo por el monte o el camino asfaltado al lado del Hotel Villava \ud83d\ude42<\/h3>\t\t\t\t\t\t\t\t<\/div>\n\t\t\t\t<\/div>\n\t\t\t\t<\/div>\n\t\t\t\t\t<\/div>\n\t\t\t\t<\/div>\n\t\t<div class=\"elementor-element elementor-element-312ea5f e-flex e-con-boxed e-con e-parent\" data-id=\"312ea5f\" data-element_type=\"container\" data-e-type=\"container\">\n\t\t\t\t\t<div class=\"e-con-inner\">\n\t\t\t\t<div class=\"elementor-element elementor-element-b445a12 elementor-widget elementor-widget-image\" data-id=\"b445a12\" data-element_type=\"widget\" data-e-type=\"widget\" data-widget_type=\"image.default\">\n\t\t\t\t<div class=\"elementor-widget-container\">\n\t\t\t\t\t\t\t\t\t\t\t\t\t\t\t<img decoding=\"async\" width=\"930\" height=\"537\" src=\"https:\/\/hotelvillava.com\/enpamplona\/wp-content\/uploads\/2026\/04\/ventajas_lavado_de_mascotas_Hotel_Villava_voyconmiperro-1024x591.jpg\" class=\"attachment-large size-large wp-image-3509\" alt=\"Lavadero de mascotas sencillo\" srcset=\"https:\/\/hotelvillava.com\/enpamplona\/wp-content\/uploads\/2026\/04\/ventajas_lavado_de_mascotas_Hotel_Villava_voyconmiperro-1024x591.jpg 1024w, https:\/\/hotelvillava.com\/enpamplona\/wp-content\/uploads\/2026\/04\/ventajas_lavado_de_mascotas_Hotel_Villava_voyconmiperro-300x173.jpg 300w, https:\/\/hotelvillava.com\/enpamplona\/wp-content\/uploads\/2026\/04\/ventajas_lavado_de_mascotas_Hotel_Villava_voyconmiperro-768x443.jpg 768w, https:\/\/hotelvillava.com\/enpamplona\/wp-content\/uploads\/2026\/04\/ventajas_lavado_de_mascotas_Hotel_Villava_voyconmiperro-1000x577.jpg 1000w, https:\/\/hotelvillava.com\/enpamplona\/wp-content\/uploads\/2026\/04\/ventajas_lavado_de_mascotas_Hotel_Villava_voyconmiperro-971x560.jpg 971w, https:\/\/hotelvillava.com\/enpamplona\/wp-content\/uploads\/2026\/04\/ventajas_lavado_de_mascotas_Hotel_Villava_voyconmiperro-600x346.jpg 600w, https:\/\/hotelvillava.com\/enpamplona\/wp-content\/uploads\/2026\/04\/ventajas_lavado_de_mascotas_Hotel_Villava_voyconmiperro.jpg 1337w\" sizes=\"(max-width: 930px) 100vw, 930px\" \/>\t\t\t\t\t\t\t\t\t\t\t\t\t\t\t<\/div>\n\t\t\t\t<\/div>\n\t\t\t\t\t<\/div>\n\t\t\t\t<\/div>\n\t\t<div class=\"elementor-element elementor-element-78d408bb e-flex e-con-boxed e-con e-parent\" data-id=\"78d408bb\" data-element_type=\"container\" data-e-type=\"container\">\n\t\t\t\t\t<div class=\"e-con-inner\">\n\t\t\t\t<div class=\"elementor-element elementor-element-64cc281 elementor-widget elementor-widget-text-editor\" data-id=\"64cc281\" data-element_type=\"widget\" data-e-type=\"widget\" data-widget_type=\"text-editor.default\">\n\t\t\t\t<div class=\"elementor-widget-container\">\n\t\t\t\t\t\t\t\t\t\n<p>Perros bienvenidos<\/p>\n\t\t\t\t\t\t\t\t<\/div>\n\t\t\t\t<\/div>\n\t\t\t\t\t<\/div>\n\t\t\t\t<\/div>\n\t\t<div class=\"elementor-element elementor-element-8840bd4 e-flex e-con-boxed e-con e-parent\" data-id=\"8840bd4\" data-element_type=\"container\" data-e-type=\"container\">\n\t\t\t\t\t<div class=\"e-con-inner\">\n\t\t\t\t<div class=\"elementor-element elementor-element-15b4d1b elementor-widget elementor-widget-text-editor\" data-id=\"15b4d1b\" data-element_type=\"widget\" data-e-type=\"widget\" data-widget_type=\"text-editor.default\">\n\t\t\t\t<div class=\"elementor-widget-container\">\n\t\t\t\t\t\t\t\t\t<p><strong>NORMAS PARA PODER ALOJARSE CON SU PERRO EN NUESTRO HOTEL <\/strong>\u00a0<\/p>\n<p>\u00a0<\/p>\n<ul>\n<li>A la realizaci\u00f3n de la reserva o check-in, rogamos preavise que viaja con un animal de compa\u00f1\u00eda.<\/li>\n<li>Para salir o entrar en las instalaciones del hotel deber\u00e1 llevar a su mascota siempre atada en corto.<\/li>\n<li>Dentro de todo el recinto del hotel <strong>no <\/strong>hay lugar que permita a su mascota solucionar sus peque\u00f1as y grandes necesidades, por lo que unos paseos por los alrededores del hotel le solucionar\u00e1n este problema, siempre y cuando recojan sus necesidades.<\/li>\n<li>El propietario del perro tendr\u00e1 la obligaci\u00f3n de mantenerlo en las debidas condiciones higi\u00e9nico-sanitarias. Ser\u00e1 a su vez responsable de los da\u00f1os causados por su perro a terceras personas y\/o al mobiliario del hotel.<\/li>\n<li>Recuerde que <strong>no<\/strong> se limpiar\u00e1 la habitaci\u00f3n mientras permanezca su mascota en el interior. Cuando el animal no se encuentre en la habitaci\u00f3n, rogamos avise al personal del hotel para que puedan proceder a su limpieza.<\/li>\n<li>El animal est\u00e1 permitido exclusivamente en la habitaci\u00f3n y el hall del hotel para el check-in o check-out, quedando prohibido el acceso a la cafeter\u00eda, al restaurante y al resto de las salas y los salones, a excepci\u00f3n de las zonas de tr\u00e1nsito.<\/li>\n<li>En el hall hay una zona habilitada para poder tomar algo, desayunar, comer o cenar con la mascota.<br \/>As\u00ed como en nuestra amplia terraza.<\/li>\n<li>Rogamos no permitan al perro subirse a los sillones ni a la cama.<\/li>\n<li>No ba\u00f1en a sus mascotas en las duchas de la habitaci\u00f3n, ni utilice las toallas de nuestro establecimiento para secarlo.<\/li>\n<li>Todo propietario de un perro deber\u00e1 dejar un n\u00famero de tel\u00e9fono m\u00f3vil para poder localizarlo en su ausencia, si el animal est\u00e1 solo en la habitaci\u00f3n y causa molestias a los dem\u00e1s clientes del hotel.<\/li>\n<\/ul>\n<p><strong>Si el animal se queda solo en la habitaci\u00f3n, deber\u00e1 estar en un transportin, nunca suelto.<\/strong><\/p>\n<ul>\n<li>El importe de los desperfectos ocasionados por su mascota durante la estancia en el hotel ser\u00e1n cargados en su factura.<\/li>\n<li>No olvide entregar una copia de este documento firmada en recepci\u00f3n como prueba de aceptaci\u00f3n de condiciones. Agradecemos el cumplimiento de estas normas y esperamos que tengan una agradable estancia en nuestro hotel.<\/li>\n<\/ul>\t\t\t\t\t\t\t\t<\/div>\n\t\t\t\t<\/div>\n\t\t\t\t\t<\/div>\n\t\t\t\t<\/div>\n\t\t\t\t<\/div>\n\t\t","protected":false},"excerpt":{"rendered":"<p>Los perros son bienvenidos en nuestro hotel En breve podr\u00e1s disfrutar de nuestra ba\u00f1era autoservicio para lavar mascotas. Lavar a tu mascota en nuestra ba\u00f1era es muy facil y econ\u00f3mico! Adem\u00e1s despu\u00e9s del ba\u00f1o puedes dar un paseo por el monte o el camino asfaltado al lado del Hotel Villava [&hellip;]<\/p>\n","protected":false},"author":2,"featured_media":0,"parent":0,"menu_order":0,"comment_status":"closed","ping_status":"closed","template":"","meta":{"_exactmetrics_skip_tracking":false,"_exactmetrics_sitenote_active":false,"_exactmetrics_sitenote_note":"","_exactmetrics_sitenote_category":0,"footnotes":""},"class_list":["post-2841","page","type-page","status-publish","hentry"],"yoast_head":"<!-- This site is optimized with the Yoast SEO plugin v27.1.1 - https:\/\/yoast.com\/product\/yoast-seo-wordpress\/ -->\n<title>voyconmiperro - Hotel Villava en Pamplona<\/title>\n<meta name=\"robots\" content=\"index, follow, max-snippet:-1, max-image-preview:large, max-video-preview:-1\" \/>\n<link rel=\"canonical\" href=\"https:\/\/hotelvillava.com\/enpamplona\/voyconmiperro\/\" \/>\n<meta property=\"og:locale\" content=\"es_ES\" \/>\n<meta property=\"og:type\" content=\"article\" \/>\n<meta property=\"og:title\" content=\"voyconmiperro - Hotel Villava en Pamplona\" \/>\n<meta property=\"og:description\" content=\"Los perros son bienvenidos en nuestro hotel En breve podr\u00e1s disfrutar de nuestra ba\u00f1era autoservicio para lavar mascotas. Lavar a tu mascota en nuestra ba\u00f1era es muy facil y econ\u00f3mico! Adem\u00e1s despu\u00e9s del ba\u00f1o puedes dar un paseo por el monte o el camino asfaltado al lado del Hotel Villava [&hellip;]\" \/>\n<meta property=\"og:url\" content=\"https:\/\/hotelvillava.com\/enpamplona\/voyconmiperro\/\" \/>\n<meta property=\"og:site_name\" content=\"Hotel Villava en Pamplona\" \/>\n<meta property=\"article:modified_time\" content=\"2026-04-16T10:42:28+00:00\" \/>\n<meta property=\"og:image\" content=\"https:\/\/hotelvillava.com\/enpamplona\/wp-content\/uploads\/2026\/04\/PORTADA_NUEVO_LAVADERO_MASCOTAS_en-el-hotel-villava-scaled.jpg\" \/>\n\t<meta property=\"og:image:width\" content=\"2560\" \/>\n\t<meta property=\"og:image:height\" content=\"711\" \/>\n\t<meta property=\"og:image:type\" content=\"image\/jpeg\" \/>\n<meta name=\"twitter:card\" content=\"summary_large_image\" \/>\n<meta name=\"twitter:label1\" content=\"Tiempo de lectura\" \/>\n\t<meta name=\"twitter:data1\" content=\"3 minutos\" \/>\n<script type=\"application\/ld+json\" class=\"yoast-schema-graph\">{\"@context\":\"https:\/\/schema.org\",\"@graph\":[{\"@type\":\"WebPage\",\"@id\":\"https:\/\/hotelvillava.com\/enpamplona\/voyconmiperro\/\",\"url\":\"https:\/\/hotelvillava.com\/enpamplona\/voyconmiperro\/\",\"name\":\"voyconmiperro - Hotel Villava en Pamplona\",\"isPartOf\":{\"@id\":\"https:\/\/hotelvillava.com\/enpamplona\/#website\"},\"primaryImageOfPage\":{\"@id\":\"https:\/\/hotelvillava.com\/enpamplona\/voyconmiperro\/#primaryimage\"},\"image\":{\"@id\":\"https:\/\/hotelvillava.com\/enpamplona\/voyconmiperro\/#primaryimage\"},\"thumbnailUrl\":\"https:\/\/hotelvillava.com\/enpamplona\/wp-content\/uploads\/2026\/04\/PORTADA_NUEVO_LAVADERO_MASCOTAS_en-el-hotel-villava-1024x285.jpg\",\"datePublished\":\"2025-09-10T10:37:55+00:00\",\"dateModified\":\"2026-04-16T10:42:28+00:00\",\"breadcrumb\":{\"@id\":\"https:\/\/hotelvillava.com\/enpamplona\/voyconmiperro\/#breadcrumb\"},\"inLanguage\":\"es\",\"potentialAction\":[{\"@type\":\"ReadAction\",\"target\":[\"https:\/\/hotelvillava.com\/enpamplona\/voyconmiperro\/\"]}]},{\"@type\":\"ImageObject\",\"inLanguage\":\"es\",\"@id\":\"https:\/\/hotelvillava.com\/enpamplona\/voyconmiperro\/#primaryimage\",\"url\":\"https:\/\/hotelvillava.com\/enpamplona\/wp-content\/uploads\/2026\/04\/PORTADA_NUEVO_LAVADERO_MASCOTAS_en-el-hotel-villava-scaled.jpg\",\"contentUrl\":\"https:\/\/hotelvillava.com\/enpamplona\/wp-content\/uploads\/2026\/04\/PORTADA_NUEVO_LAVADERO_MASCOTAS_en-el-hotel-villava-scaled.jpg\",\"width\":2560,\"height\":711},{\"@type\":\"BreadcrumbList\",\"@id\":\"https:\/\/hotelvillava.com\/enpamplona\/voyconmiperro\/#breadcrumb\",\"itemListElement\":[{\"@type\":\"ListItem\",\"position\":1,\"name\":\"Portada\",\"item\":\"https:\/\/hotelvillava.com\/enpamplona\/\"},{\"@type\":\"ListItem\",\"position\":2,\"name\":\"voyconmiperro\"}]},{\"@type\":\"WebSite\",\"@id\":\"https:\/\/hotelvillava.com\/enpamplona\/#website\",\"url\":\"https:\/\/hotelvillava.com\/enpamplona\/\",\"name\":\"Hotel Villava en Pamplona\",\"description\":\"Hotel familiar a 10 minutos del centro de Pamplona\",\"publisher\":{\"@id\":\"https:\/\/hotelvillava.com\/enpamplona\/#organization\"},\"potentialAction\":[{\"@type\":\"SearchAction\",\"target\":{\"@type\":\"EntryPoint\",\"urlTemplate\":\"https:\/\/hotelvillava.com\/enpamplona\/?s={search_term_string}\"},\"query-input\":{\"@type\":\"PropertyValueSpecification\",\"valueRequired\":true,\"valueName\":\"search_term_string\"}}],\"inLanguage\":\"es\"},{\"@type\":\"Organization\",\"@id\":\"https:\/\/hotelvillava.com\/enpamplona\/#organization\",\"name\":\"Hotel Villava en Pamplona\",\"url\":\"https:\/\/hotelvillava.com\/enpamplona\/\",\"logo\":{\"@type\":\"ImageObject\",\"inLanguage\":\"es\",\"@id\":\"https:\/\/hotelvillava.com\/enpamplona\/#\/schema\/logo\/image\/\",\"url\":\"https:\/\/hotelvillava.com\/enpamplona\/wp-content\/uploads\/2023\/02\/cropped-logo-villava-trans-1.png\",\"contentUrl\":\"https:\/\/hotelvillava.com\/enpamplona\/wp-content\/uploads\/2023\/02\/cropped-logo-villava-trans-1.png\",\"width\":665,\"height\":244,\"caption\":\"Hotel Villava en Pamplona\"},\"image\":{\"@id\":\"https:\/\/hotelvillava.com\/enpamplona\/#\/schema\/logo\/image\/\"}}]}<\/script>\n<!-- \/ Yoast SEO plugin. -->","yoast_head_json":{"title":"voyconmiperro - Hotel Villava en Pamplona","robots":{"index":"index","follow":"follow","max-snippet":"max-snippet:-1","max-image-preview":"max-image-preview:large","max-video-preview":"max-video-preview:-1"},"canonical":"https:\/\/hotelvillava.com\/enpamplona\/voyconmiperro\/","og_locale":"es_ES","og_type":"article","og_title":"voyconmiperro - Hotel Villava en Pamplona","og_description":"Los perros son bienvenidos en nuestro hotel En breve podr\u00e1s disfrutar de nuestra ba\u00f1era autoservicio para lavar mascotas. Lavar a tu mascota en nuestra ba\u00f1era es muy facil y econ\u00f3mico! Adem\u00e1s despu\u00e9s del ba\u00f1o puedes dar un paseo por el monte o el camino asfaltado al lado del Hotel Villava [&hellip;]","og_url":"https:\/\/hotelvillava.com\/enpamplona\/voyconmiperro\/","og_site_name":"Hotel Villava en Pamplona","article_modified_time":"2026-04-16T10:42:28+00:00","og_image":[{"width":2560,"height":711,"url":"https:\/\/hotelvillava.com\/enpamplona\/wp-content\/uploads\/2026\/04\/PORTADA_NUEVO_LAVADERO_MASCOTAS_en-el-hotel-villava-scaled.jpg","type":"image\/jpeg"}],"twitter_card":"summary_large_image","twitter_misc":{"Tiempo de lectura":"3 minutos"},"schema":{"@context":"https:\/\/schema.org","@graph":[{"@type":"WebPage","@id":"https:\/\/hotelvillava.com\/enpamplona\/voyconmiperro\/","url":"https:\/\/hotelvillava.com\/enpamplona\/voyconmiperro\/","name":"voyconmiperro - Hotel Villava en Pamplona","isPartOf":{"@id":"https:\/\/hotelvillava.com\/enpamplona\/#website"},"primaryImageOfPage":{"@id":"https:\/\/hotelvillava.com\/enpamplona\/voyconmiperro\/#primaryimage"},"image":{"@id":"https:\/\/hotelvillava.com\/enpamplona\/voyconmiperro\/#primaryimage"},"thumbnailUrl":"https:\/\/hotelvillava.com\/enpamplona\/wp-content\/uploads\/2026\/04\/PORTADA_NUEVO_LAVADERO_MASCOTAS_en-el-hotel-villava-1024x285.jpg","datePublished":"2025-09-10T10:37:55+00:00","dateModified":"2026-04-16T10:42:28+00:00","breadcrumb":{"@id":"https:\/\/hotelvillava.com\/enpamplona\/voyconmiperro\/#breadcrumb"},"inLanguage":"es","potentialAction":[{"@type":"ReadAction","target":["https:\/\/hotelvillava.com\/enpamplona\/voyconmiperro\/"]}]},{"@type":"ImageObject","inLanguage":"es","@id":"https:\/\/hotelvillava.com\/enpamplona\/voyconmiperro\/#primaryimage","url":"https:\/\/hotelvillava.com\/enpamplona\/wp-content\/uploads\/2026\/04\/PORTADA_NUEVO_LAVADERO_MASCOTAS_en-el-hotel-villava-scaled.jpg","contentUrl":"https:\/\/hotelvillava.com\/enpamplona\/wp-content\/uploads\/2026\/04\/PORTADA_NUEVO_LAVADERO_MASCOTAS_en-el-hotel-villava-scaled.jpg","width":2560,"height":711},{"@type":"BreadcrumbList","@id":"https:\/\/hotelvillava.com\/enpamplona\/voyconmiperro\/#breadcrumb","itemListElement":[{"@type":"ListItem","position":1,"name":"Portada","item":"https:\/\/hotelvillava.com\/enpamplona\/"},{"@type":"ListItem","position":2,"name":"voyconmiperro"}]},{"@type":"WebSite","@id":"https:\/\/hotelvillava.com\/enpamplona\/#website","url":"https:\/\/hotelvillava.com\/enpamplona\/","name":"Hotel Villava en Pamplona","description":"Hotel familiar a 10 minutos del centro de Pamplona","publisher":{"@id":"https:\/\/hotelvillava.com\/enpamplona\/#organization"},"potentialAction":[{"@type":"SearchAction","target":{"@type":"EntryPoint","urlTemplate":"https:\/\/hotelvillava.com\/enpamplona\/?s={search_term_string}"},"query-input":{"@type":"PropertyValueSpecification","valueRequired":true,"valueName":"search_term_string"}}],"inLanguage":"es"},{"@type":"Organization","@id":"https:\/\/hotelvillava.com\/enpamplona\/#organization","name":"Hotel Villava en Pamplona","url":"https:\/\/hotelvillava.com\/enpamplona\/","logo":{"@type":"ImageObject","inLanguage":"es","@id":"https:\/\/hotelvillava.com\/enpamplona\/#\/schema\/logo\/image\/","url":"https:\/\/hotelvillava.com\/enpamplona\/wp-content\/uploads\/2023\/02\/cropped-logo-villava-trans-1.png","contentUrl":"https:\/\/hotelvillava.com\/enpamplona\/wp-content\/uploads\/2023\/02\/cropped-logo-villava-trans-1.png","width":665,"height":244,"caption":"Hotel Villava en Pamplona"},"image":{"@id":"https:\/\/hotelvillava.com\/enpamplona\/#\/schema\/logo\/image\/"}}]}},"_links":{"self":[{"href":"https:\/\/hotelvillava.com\/enpamplona\/wp-json\/wp\/v2\/pages\/2841","targetHints":{"allow":["GET"]}}],"collection":[{"href":"https:\/\/hotelvillava.com\/enpamplona\/wp-json\/wp\/v2\/pages"}],"about":[{"href":"https:\/\/hotelvillava.com\/enpamplona\/wp-json\/wp\/v2\/types\/page"}],"author":[{"embeddable":true,"href":"https:\/\/hotelvillava.com\/enpamplona\/wp-json\/wp\/v2\/users\/2"}],"replies":[{"embeddable":true,"href":"https:\/\/hotelvillava.com\/enpamplona\/wp-json\/wp\/v2\/comments?post=2841"}],"version-history":[{"count":25,"href":"https:\/\/hotelvillava.com\/enpamplona\/wp-json\/wp\/v2\/pages\/2841\/revisions"}],"predecessor-version":[{"id":3516,"href":"https:\/\/hotelvillava.com\/enpamplona\/wp-json\/wp\/v2\/pages\/2841\/revisions\/3516"}],"wp:attachment":[{"href":"https:\/\/hotelvillava.com\/enpamplona\/wp-json\/wp\/v2\/media?parent=2841"}],"curies":[{"name":"wp","href":"https:\/\/api.w.org\/{rel}","templated":true}]}}