{"id":1784,"date":"2024-07-19T17:42:13","date_gmt":"2024-07-19T17:42:13","guid":{"rendered":"https:\/\/hotelvillava.com\/enpamplona\/?page_id=1784"},"modified":"2025-01-09T12:41:30","modified_gmt":"2025-01-09T12:41:30","slug":"carta-picoteo","status":"publish","type":"page","link":"https:\/\/hotelvillava.com\/enpamplona\/carta-picoteo\/","title":{"rendered":"Carta picoteo"},"content":{"rendered":"\t\t<div data-elementor-type=\"wp-page\" data-elementor-id=\"1784\" class=\"elementor elementor-1784\">\n\t\t\t\t<div class=\"elementor-element elementor-element-862408c e-flex e-con-boxed e-con e-parent\" data-id=\"862408c\" data-element_type=\"container\" data-e-type=\"container\">\n\t\t\t\t\t<div class=\"e-con-inner\">\n\t\t\t\t<div class=\"elementor-element elementor-element-e86bd56 elementor-widget elementor-widget-heading\" data-id=\"e86bd56\" data-element_type=\"widget\" data-e-type=\"widget\" data-widget_type=\"heading.default\">\n\t\t\t\t<div class=\"elementor-widget-container\">\n\t\t\t\t\t<h2 class=\"elementor-heading-title elementor-size-default\">Men\u00fa fin de semana y festivos\n&amp; Carta de picoteo<\/h2>\t\t\t\t<\/div>\n\t\t\t\t<\/div>\n\t\t\t\t\t<\/div>\n\t\t\t\t<\/div>\n\t\t<div class=\"elementor-element elementor-element-12c7b92c e-flex e-con-boxed e-con e-parent\" data-id=\"12c7b92c\" data-element_type=\"container\" data-e-type=\"container\">\n\t\t\t\t\t<div class=\"e-con-inner\">\n\t\t\t\t<div class=\"elementor-element elementor-element-7dd2070 elementor-widget elementor-widget-text-editor\" data-id=\"7dd2070\" data-element_type=\"widget\" data-e-type=\"widget\" data-widget_type=\"text-editor.default\">\n\t\t\t\t<div class=\"elementor-widget-container\">\n\t\t\t\t\t\t\t\t\t\n<p><strong>CARTA CAFETERIA\u00a0\u00a0<\/strong><\/p>\n\n<p><strong>RACIONES<\/strong><\/p>\n\n<p>-Rabas de calamar\u00a0<\/p>\n\n<p>-Patatas<\/p>\n\n<p>-Patatas ali-oli\u00a0<\/p>\n\n<p><strong>COMBINADOS<\/strong><\/p>\n\n<p>\u2013 N\u00ba 1 Hamburguesa casera, queso, tomate, patatas y ensalada<br \/>\u2013 N\u00ba 2 Lomo, ensalada de tomate y at\u00fan, frito y patatas\u00a0<br \/>\u2013 N\u00ba 3 Pechuga, ensalada, tomate y patatas\u00a0<\/p>\n\n<p><strong>SANDWICHES<\/strong><\/p>\n\n<p><strong>Mixto<\/strong> con patatas fritas\u00a0<br \/><strong>Vegetal<\/strong> (lechuga, tomate, ma\u00edz, zanahoria, huevo duro\u00a0 \u00a0y bonito y patatas fritas)\u00a0<br \/><br \/><\/p>\n\n<h3 class=\"wp-block-heading\">BOCATAS Y HAMBURGUESAS<\/h3>\n\n<p><strong>Dieguito<\/strong> (Pechuga, lechuga, ma\u00edz, mahonesa y pan tumaca)<br \/><strong>Abuelo<\/strong> (Lomo, bac\u00f3n, queso, lechuga y mahonesa)\u00a0<br \/><strong>Hamburguesa especial Amatxi<\/strong> (Secreto ib\u00e9rico de bellota, mahonesa, lechuga, pepinillo, queso, jam\u00f3n ib\u00e9rico)\u00a0<br \/><strong>Hamburguesa de chulet\u00f3n<\/strong>\u00a0<br \/>(Chulet\u00f3n -220 gr. aprox- mahonesa ahumada, r\u00facula, parmesano, huevo frito y patatas. Indicar por favor el punto de cocci\u00f3n de la carne)\u00a0<\/p>\n\n<h3 class=\"wp-block-heading\">PIZZAS<br \/>1\/2m<\/h3>\n\n<p>&#8211;<strong>Margarita<\/strong> \u00a0<br \/>(Tomate, queso, jam\u00f3n de york, y or\u00e9gano)<br \/>&#8211;<strong>Barbacoa<\/strong> \u00a0<br \/>(Tomate, queso, carne picada, pollo, bac\u00f3n y salsa barbacoa)<br \/>&#8211;<strong>6 Quesos<\/strong>\u00a0<br \/>(Tomate, mozzarella, emmental, roquefort, queso de cabra, Jack y cheddar)<br \/>&#8211;<strong>Amatxi<\/strong>\u00a0<br \/>(Tomate, queso, bac\u00f3n, pollo, tomate cherry, queso de cabra y huevo)<br \/>&#8211;<strong>Pizza Jamona<\/strong>\u00a0<br \/>(Tomate, queso, aceitunas negras, jam\u00f3n serrano y setas)<\/p>\n\n<h3 class=\"wp-block-heading\">POSTRES: Cons\u00faltenos los postres del d\u00eda!<\/h3>\n\t\t\t\t\t\t\t\t<\/div>\n\t\t\t\t<\/div>\n\t\t\t\t<div class=\"elementor-element elementor-element-602356f elementor-widget elementor-widget-image\" data-id=\"602356f\" data-element_type=\"widget\" data-e-type=\"widget\" data-widget_type=\"image.default\">\n\t\t\t\t<div class=\"elementor-widget-container\">\n\t\t\t\t\t\t\t\t\t\t\t\t\t\t\t<img fetchpriority=\"high\" decoding=\"async\" width=\"768\" height=\"448\" src=\"https:\/\/hotelvillava.com\/enpamplona\/wp-content\/uploads\/2024\/07\/postre-hotel-villava-e1721411195774-768x448.jpg\" class=\"attachment-medium_large size-medium_large wp-image-1786\" alt=\"\" srcset=\"https:\/\/hotelvillava.com\/enpamplona\/wp-content\/uploads\/2024\/07\/postre-hotel-villava-e1721411195774-768x448.jpg 768w, https:\/\/hotelvillava.com\/enpamplona\/wp-content\/uploads\/2024\/07\/postre-hotel-villava-e1721411195774-300x175.jpg 300w, https:\/\/hotelvillava.com\/enpamplona\/wp-content\/uploads\/2024\/07\/postre-hotel-villava-e1721411195774-1024x597.jpg 1024w, https:\/\/hotelvillava.com\/enpamplona\/wp-content\/uploads\/2024\/07\/postre-hotel-villava-e1721411195774.jpg 1501w\" sizes=\"(max-width: 768px) 100vw, 768px\" \/>\t\t\t\t\t\t\t\t\t\t\t\t\t\t\t<\/div>\n\t\t\t\t<\/div>\n\t\t\t\t\t<\/div>\n\t\t\t\t<\/div>\n\t\t<div class=\"elementor-element elementor-element-e1976e3 e-flex e-con-boxed e-con e-parent\" data-id=\"e1976e3\" data-element_type=\"container\" data-e-type=\"container\">\n\t\t\t\t\t<div class=\"e-con-inner\">\n\t\t\t\t<div class=\"elementor-element elementor-element-96ab5db elementor-widget elementor-widget-heading\" data-id=\"96ab5db\" data-element_type=\"widget\" data-e-type=\"widget\" data-widget_type=\"heading.default\">\n\t\t\t\t<div class=\"elementor-widget-container\">\n\t\t\t\t\t<h2 class=\"elementor-heading-title elementor-size-default\">Add Your Heading Text Here<\/h2>\t\t\t\t<\/div>\n\t\t\t\t<\/div>\n\t\t\t\t\t<\/div>\n\t\t\t\t<\/div>\n\t\t\t\t<\/div>\n\t\t","protected":false},"excerpt":{"rendered":"<p>Men\u00fa fin de semana y festivos &amp; Carta de picoteo CARTA CAFETERIA\u00a0\u00a0 RACIONES -Rabas de calamar\u00a0 -Patatas -Patatas ali-oli\u00a0 COMBINADOS \u2013 N\u00ba 1 Hamburguesa casera, queso, tomate, patatas y ensalada\u2013 N\u00ba 2 Lomo, ensalada de tomate y at\u00fan, frito y patatas\u00a0\u2013 N\u00ba 3 Pechuga, ensalada, tomate y patatas\u00a0 SANDWICHES Mixto [&hellip;]<\/p>\n","protected":false},"author":2,"featured_media":0,"parent":0,"menu_order":0,"comment_status":"closed","ping_status":"closed","template":"","meta":{"_exactmetrics_skip_tracking":false,"_exactmetrics_sitenote_active":false,"_exactmetrics_sitenote_note":"","_exactmetrics_sitenote_category":0,"footnotes":""},"class_list":["post-1784","page","type-page","status-publish","hentry"],"yoast_head":"<!-- This site is optimized with the Yoast SEO plugin v27.1.1 - https:\/\/yoast.com\/product\/yoast-seo-wordpress\/ -->\n<title>Carta picoteo - Hotel Villava en Pamplona<\/title>\n<meta name=\"robots\" content=\"index, follow, max-snippet:-1, max-image-preview:large, max-video-preview:-1\" \/>\n<link rel=\"canonical\" href=\"https:\/\/hotelvillava.com\/enpamplona\/carta-picoteo\/\" \/>\n<meta property=\"og:locale\" content=\"es_ES\" \/>\n<meta property=\"og:type\" content=\"article\" \/>\n<meta property=\"og:title\" content=\"Carta picoteo - Hotel Villava en Pamplona\" \/>\n<meta property=\"og:description\" content=\"Men\u00fa fin de semana y festivos &amp; Carta de picoteo CARTA CAFETERIA\u00a0\u00a0 RACIONES -Rabas de calamar\u00a0 -Patatas -Patatas ali-oli\u00a0 COMBINADOS \u2013 N\u00ba 1 Hamburguesa casera, queso, tomate, patatas y ensalada\u2013 N\u00ba 2 Lomo, ensalada de tomate y at\u00fan, frito y patatas\u00a0\u2013 N\u00ba 3 Pechuga, ensalada, tomate y patatas\u00a0 SANDWICHES Mixto [&hellip;]\" \/>\n<meta property=\"og:url\" content=\"https:\/\/hotelvillava.com\/enpamplona\/carta-picoteo\/\" \/>\n<meta property=\"og:site_name\" content=\"Hotel Villava en Pamplona\" \/>\n<meta property=\"article:modified_time\" content=\"2025-01-09T12:41:30+00:00\" \/>\n<meta property=\"og:image\" content=\"https:\/\/hotelvillava.com\/enpamplona\/wp-content\/uploads\/2024\/07\/postre-hotel-villava-e1721411195774-768x448.jpg\" \/>\n<meta name=\"twitter:card\" content=\"summary_large_image\" \/>\n<meta name=\"twitter:label1\" content=\"Tiempo de lectura\" \/>\n\t<meta name=\"twitter:data1\" content=\"1 minuto\" \/>\n<script type=\"application\/ld+json\" class=\"yoast-schema-graph\">{\"@context\":\"https:\/\/schema.org\",\"@graph\":[{\"@type\":\"WebPage\",\"@id\":\"https:\/\/hotelvillava.com\/enpamplona\/carta-picoteo\/\",\"url\":\"https:\/\/hotelvillava.com\/enpamplona\/carta-picoteo\/\",\"name\":\"Carta picoteo - Hotel Villava en Pamplona\",\"isPartOf\":{\"@id\":\"https:\/\/hotelvillava.com\/enpamplona\/#website\"},\"primaryImageOfPage\":{\"@id\":\"https:\/\/hotelvillava.com\/enpamplona\/carta-picoteo\/#primaryimage\"},\"image\":{\"@id\":\"https:\/\/hotelvillava.com\/enpamplona\/carta-picoteo\/#primaryimage\"},\"thumbnailUrl\":\"https:\/\/hotelvillava.com\/enpamplona\/wp-content\/uploads\/2024\/07\/postre-hotel-villava-e1721411195774-768x448.jpg\",\"datePublished\":\"2024-07-19T17:42:13+00:00\",\"dateModified\":\"2025-01-09T12:41:30+00:00\",\"breadcrumb\":{\"@id\":\"https:\/\/hotelvillava.com\/enpamplona\/carta-picoteo\/#breadcrumb\"},\"inLanguage\":\"es\",\"potentialAction\":[{\"@type\":\"ReadAction\",\"target\":[\"https:\/\/hotelvillava.com\/enpamplona\/carta-picoteo\/\"]}]},{\"@type\":\"ImageObject\",\"inLanguage\":\"es\",\"@id\":\"https:\/\/hotelvillava.com\/enpamplona\/carta-picoteo\/#primaryimage\",\"url\":\"https:\/\/hotelvillava.com\/enpamplona\/wp-content\/uploads\/2024\/07\/postre-hotel-villava-e1721411195774.jpg\",\"contentUrl\":\"https:\/\/hotelvillava.com\/enpamplona\/wp-content\/uploads\/2024\/07\/postre-hotel-villava-e1721411195774.jpg\",\"width\":1501,\"height\":875},{\"@type\":\"BreadcrumbList\",\"@id\":\"https:\/\/hotelvillava.com\/enpamplona\/carta-picoteo\/#breadcrumb\",\"itemListElement\":[{\"@type\":\"ListItem\",\"position\":1,\"name\":\"Portada\",\"item\":\"https:\/\/hotelvillava.com\/enpamplona\/\"},{\"@type\":\"ListItem\",\"position\":2,\"name\":\"Carta picoteo\"}]},{\"@type\":\"WebSite\",\"@id\":\"https:\/\/hotelvillava.com\/enpamplona\/#website\",\"url\":\"https:\/\/hotelvillava.com\/enpamplona\/\",\"name\":\"Hotel Villava en Pamplona\",\"description\":\"Hotel familiar a 10 minutos del centro de Pamplona\",\"publisher\":{\"@id\":\"https:\/\/hotelvillava.com\/enpamplona\/#organization\"},\"potentialAction\":[{\"@type\":\"SearchAction\",\"target\":{\"@type\":\"EntryPoint\",\"urlTemplate\":\"https:\/\/hotelvillava.com\/enpamplona\/?s={search_term_string}\"},\"query-input\":{\"@type\":\"PropertyValueSpecification\",\"valueRequired\":true,\"valueName\":\"search_term_string\"}}],\"inLanguage\":\"es\"},{\"@type\":\"Organization\",\"@id\":\"https:\/\/hotelvillava.com\/enpamplona\/#organization\",\"name\":\"Hotel Villava en Pamplona\",\"url\":\"https:\/\/hotelvillava.com\/enpamplona\/\",\"logo\":{\"@type\":\"ImageObject\",\"inLanguage\":\"es\",\"@id\":\"https:\/\/hotelvillava.com\/enpamplona\/#\/schema\/logo\/image\/\",\"url\":\"https:\/\/hotelvillava.com\/enpamplona\/wp-content\/uploads\/2023\/02\/cropped-logo-villava-trans-1.png\",\"contentUrl\":\"https:\/\/hotelvillava.com\/enpamplona\/wp-content\/uploads\/2023\/02\/cropped-logo-villava-trans-1.png\",\"width\":665,\"height\":244,\"caption\":\"Hotel Villava en Pamplona\"},\"image\":{\"@id\":\"https:\/\/hotelvillava.com\/enpamplona\/#\/schema\/logo\/image\/\"}}]}<\/script>\n<!-- \/ Yoast SEO plugin. -->","yoast_head_json":{"title":"Carta picoteo - Hotel Villava en Pamplona","robots":{"index":"index","follow":"follow","max-snippet":"max-snippet:-1","max-image-preview":"max-image-preview:large","max-video-preview":"max-video-preview:-1"},"canonical":"https:\/\/hotelvillava.com\/enpamplona\/carta-picoteo\/","og_locale":"es_ES","og_type":"article","og_title":"Carta picoteo - Hotel Villava en Pamplona","og_description":"Men\u00fa fin de semana y festivos &amp; Carta de picoteo CARTA CAFETERIA\u00a0\u00a0 RACIONES -Rabas de calamar\u00a0 -Patatas -Patatas ali-oli\u00a0 COMBINADOS \u2013 N\u00ba 1 Hamburguesa casera, queso, tomate, patatas y ensalada\u2013 N\u00ba 2 Lomo, ensalada de tomate y at\u00fan, frito y patatas\u00a0\u2013 N\u00ba 3 Pechuga, ensalada, tomate y patatas\u00a0 SANDWICHES Mixto [&hellip;]","og_url":"https:\/\/hotelvillava.com\/enpamplona\/carta-picoteo\/","og_site_name":"Hotel Villava en Pamplona","article_modified_time":"2025-01-09T12:41:30+00:00","og_image":[{"url":"https:\/\/hotelvillava.com\/enpamplona\/wp-content\/uploads\/2024\/07\/postre-hotel-villava-e1721411195774-768x448.jpg","type":"","width":"","height":""}],"twitter_card":"summary_large_image","twitter_misc":{"Tiempo de lectura":"1 minuto"},"schema":{"@context":"https:\/\/schema.org","@graph":[{"@type":"WebPage","@id":"https:\/\/hotelvillava.com\/enpamplona\/carta-picoteo\/","url":"https:\/\/hotelvillava.com\/enpamplona\/carta-picoteo\/","name":"Carta picoteo - Hotel Villava en Pamplona","isPartOf":{"@id":"https:\/\/hotelvillava.com\/enpamplona\/#website"},"primaryImageOfPage":{"@id":"https:\/\/hotelvillava.com\/enpamplona\/carta-picoteo\/#primaryimage"},"image":{"@id":"https:\/\/hotelvillava.com\/enpamplona\/carta-picoteo\/#primaryimage"},"thumbnailUrl":"https:\/\/hotelvillava.com\/enpamplona\/wp-content\/uploads\/2024\/07\/postre-hotel-villava-e1721411195774-768x448.jpg","datePublished":"2024-07-19T17:42:13+00:00","dateModified":"2025-01-09T12:41:30+00:00","breadcrumb":{"@id":"https:\/\/hotelvillava.com\/enpamplona\/carta-picoteo\/#breadcrumb"},"inLanguage":"es","potentialAction":[{"@type":"ReadAction","target":["https:\/\/hotelvillava.com\/enpamplona\/carta-picoteo\/"]}]},{"@type":"ImageObject","inLanguage":"es","@id":"https:\/\/hotelvillava.com\/enpamplona\/carta-picoteo\/#primaryimage","url":"https:\/\/hotelvillava.com\/enpamplona\/wp-content\/uploads\/2024\/07\/postre-hotel-villava-e1721411195774.jpg","contentUrl":"https:\/\/hotelvillava.com\/enpamplona\/wp-content\/uploads\/2024\/07\/postre-hotel-villava-e1721411195774.jpg","width":1501,"height":875},{"@type":"BreadcrumbList","@id":"https:\/\/hotelvillava.com\/enpamplona\/carta-picoteo\/#breadcrumb","itemListElement":[{"@type":"ListItem","position":1,"name":"Portada","item":"https:\/\/hotelvillava.com\/enpamplona\/"},{"@type":"ListItem","position":2,"name":"Carta picoteo"}]},{"@type":"WebSite","@id":"https:\/\/hotelvillava.com\/enpamplona\/#website","url":"https:\/\/hotelvillava.com\/enpamplona\/","name":"Hotel Villava en Pamplona","description":"Hotel familiar a 10 minutos del centro de Pamplona","publisher":{"@id":"https:\/\/hotelvillava.com\/enpamplona\/#organization"},"potentialAction":[{"@type":"SearchAction","target":{"@type":"EntryPoint","urlTemplate":"https:\/\/hotelvillava.com\/enpamplona\/?s={search_term_string}"},"query-input":{"@type":"PropertyValueSpecification","valueRequired":true,"valueName":"search_term_string"}}],"inLanguage":"es"},{"@type":"Organization","@id":"https:\/\/hotelvillava.com\/enpamplona\/#organization","name":"Hotel Villava en Pamplona","url":"https:\/\/hotelvillava.com\/enpamplona\/","logo":{"@type":"ImageObject","inLanguage":"es","@id":"https:\/\/hotelvillava.com\/enpamplona\/#\/schema\/logo\/image\/","url":"https:\/\/hotelvillava.com\/enpamplona\/wp-content\/uploads\/2023\/02\/cropped-logo-villava-trans-1.png","contentUrl":"https:\/\/hotelvillava.com\/enpamplona\/wp-content\/uploads\/2023\/02\/cropped-logo-villava-trans-1.png","width":665,"height":244,"caption":"Hotel Villava en Pamplona"},"image":{"@id":"https:\/\/hotelvillava.com\/enpamplona\/#\/schema\/logo\/image\/"}}]}},"_links":{"self":[{"href":"https:\/\/hotelvillava.com\/enpamplona\/wp-json\/wp\/v2\/pages\/1784","targetHints":{"allow":["GET"]}}],"collection":[{"href":"https:\/\/hotelvillava.com\/enpamplona\/wp-json\/wp\/v2\/pages"}],"about":[{"href":"https:\/\/hotelvillava.com\/enpamplona\/wp-json\/wp\/v2\/types\/page"}],"author":[{"embeddable":true,"href":"https:\/\/hotelvillava.com\/enpamplona\/wp-json\/wp\/v2\/users\/2"}],"replies":[{"embeddable":true,"href":"https:\/\/hotelvillava.com\/enpamplona\/wp-json\/wp\/v2\/comments?post=1784"}],"version-history":[{"count":22,"href":"https:\/\/hotelvillava.com\/enpamplona\/wp-json\/wp\/v2\/pages\/1784\/revisions"}],"predecessor-version":[{"id":2143,"href":"https:\/\/hotelvillava.com\/enpamplona\/wp-json\/wp\/v2\/pages\/1784\/revisions\/2143"}],"wp:attachment":[{"href":"https:\/\/hotelvillava.com\/enpamplona\/wp-json\/wp\/v2\/media?parent=1784"}],"curies":[{"name":"wp","href":"https:\/\/api.w.org\/{rel}","templated":true}]}}