{"id":1700,"date":"2024-07-09T09:55:56","date_gmt":"2024-07-09T09:55:56","guid":{"rendered":"https:\/\/hotelvillava.com\/enpamplona\/?page_id=1700"},"modified":"2025-07-23T11:24:36","modified_gmt":"2025-07-23T11:24:36","slug":"liens-dinteret","status":"publish","type":"page","link":"https:\/\/hotelvillava.com\/enpamplona\/fr\/liens-dinteret\/","title":{"rendered":"Liens d\u2019int\u00e9r\u00eat"},"content":{"rendered":"\t\t<div data-elementor-type=\"wp-page\" data-elementor-id=\"1700\" class=\"elementor elementor-1700\">\n\t\t\t\t<div class=\"elementor-element elementor-element-cb1eeae e-flex e-con-boxed e-con e-parent\" data-id=\"cb1eeae\" data-element_type=\"container\" data-e-type=\"container\">\n\t\t\t\t\t<div class=\"e-con-inner\">\n\t\t\t\t<div class=\"elementor-element elementor-element-3d53b99 elementor-widget elementor-widget-image\" data-id=\"3d53b99\" data-element_type=\"widget\" data-e-type=\"widget\" data-widget_type=\"image.default\">\n\t\t\t\t<div class=\"elementor-widget-container\">\n\t\t\t\t\t\t\t\t\t\t\t\t\t\t\t<img fetchpriority=\"high\" decoding=\"async\" width=\"768\" height=\"576\" src=\"https:\/\/hotelvillava.com\/enpamplona\/wp-content\/uploads\/2024\/07\/Gorramendi-de-Pili-Zozaya.jpg\" class=\"attachment-medium_large size-medium_large wp-image-1830\" alt=\"\" srcset=\"https:\/\/hotelvillava.com\/enpamplona\/wp-content\/uploads\/2024\/07\/Gorramendi-de-Pili-Zozaya.jpg 2048w, https:\/\/hotelvillava.com\/enpamplona\/wp-content\/uploads\/2024\/07\/Gorramendi-de-Pili-Zozaya-300x225.jpg 300w, https:\/\/hotelvillava.com\/enpamplona\/wp-content\/uploads\/2024\/07\/Gorramendi-de-Pili-Zozaya-1024x768.jpg 1024w, https:\/\/hotelvillava.com\/enpamplona\/wp-content\/uploads\/2024\/07\/Gorramendi-de-Pili-Zozaya-2000x1500.jpg 2000w, https:\/\/hotelvillava.com\/enpamplona\/wp-content\/uploads\/2024\/07\/Gorramendi-de-Pili-Zozaya-1536x1152.jpg 1536w\" sizes=\"(max-width: 768px) 100vw, 768px\" \/>\t\t\t\t\t\t\t\t\t\t\t\t\t\t\t<\/div>\n\t\t\t\t<\/div>\n\t\t\t\t\t<\/div>\n\t\t\t\t<\/div>\n\t\t<div class=\"elementor-element elementor-element-ac8bda7 e-flex e-con-boxed e-con e-parent\" data-id=\"ac8bda7\" data-element_type=\"container\" data-e-type=\"container\">\n\t\t\t\t\t<div class=\"e-con-inner\">\n\t\t<div class=\"elementor-element elementor-element-d085fb7 e-con-full e-flex e-con e-child\" data-id=\"d085fb7\" data-element_type=\"container\" data-e-type=\"container\">\n\t\t\t\t<div class=\"elementor-element elementor-element-6b66b93 elementor-widget elementor-widget-heading\" data-id=\"6b66b93\" data-element_type=\"widget\" data-e-type=\"widget\" data-widget_type=\"heading.default\">\n\t\t\t\t<div class=\"elementor-widget-container\">\n\t\t\t\t\t<h2 class=\"elementor-heading-title elementor-size-default\">TRANSPORT PUBLIC \u00c0 PAMPELUNE<\/h2>\t\t\t\t<\/div>\n\t\t\t\t<\/div>\n\t\t\t\t<\/div>\n\t\t<div class=\"elementor-element elementor-element-4a4fa46 e-con-full e-flex e-con e-child\" data-id=\"4a4fa46\" data-element_type=\"container\" data-e-type=\"container\">\n\t\t\t\t<div class=\"elementor-element elementor-element-bf7faf6 elementor-widget elementor-widget-heading\" data-id=\"bf7faf6\" data-element_type=\"widget\" data-e-type=\"widget\" data-widget_type=\"heading.default\">\n\t\t\t\t<div class=\"elementor-widget-container\">\n\t\t\t\t\t<h2 class=\"elementor-heading-title elementor-size-default\"><a href=\"https:\/\/www.visitnavarra.es\/fr\/agenda\" target=\"_blank\" rel=\"noopener\">Agenda<\/a><\/h2>\t\t\t\t<\/div>\n\t\t\t\t<\/div>\n\t\t\t\t<\/div>\n\t\t<div class=\"elementor-element elementor-element-e5aa76f e-con-full e-flex e-con e-child\" data-id=\"e5aa76f\" data-element_type=\"container\" data-e-type=\"container\">\n\t\t\t\t<div class=\"elementor-element elementor-element-c2867d1 elementor-widget elementor-widget-heading\" data-id=\"c2867d1\" data-element_type=\"widget\" data-e-type=\"widget\" data-widget_type=\"heading.default\">\n\t\t\t\t<div class=\"elementor-widget-container\">\n\t\t\t\t\t<h2 class=\"elementor-heading-title elementor-size-default\"><a href=\"https:\/\/www.visitnavarra.es\/fr\/\" target=\"_blank\" rel=\"noopener\">Visiter Navarre\n<\/a><\/h2>\t\t\t\t<\/div>\n\t\t\t\t<\/div>\n\t\t\t\t<\/div>\n\t\t<div class=\"elementor-element elementor-element-b275023 e-con-full e-flex e-con e-child\" data-id=\"b275023\" data-element_type=\"container\" data-e-type=\"container\">\n\t\t\t\t<div class=\"elementor-element elementor-element-3d2e73f elementor-widget elementor-widget-heading\" data-id=\"3d2e73f\" data-element_type=\"widget\" data-e-type=\"widget\" data-widget_type=\"heading.default\">\n\t\t\t\t<div class=\"elementor-widget-container\">\n\t\t\t\t\t<h2 class=\"elementor-heading-title elementor-size-default\"><a href=\"#Visites_gratuites_Pampelune\">Visites gratuites \u00e0 Pampelune<\/a><\/h2>\t\t\t\t<\/div>\n\t\t\t\t<\/div>\n\t\t\t\t<\/div>\n\t\t<div class=\"elementor-element elementor-element-d4081d0 e-con-full e-flex e-con e-child\" data-id=\"d4081d0\" data-element_type=\"container\" data-e-type=\"container\">\n\t\t\t\t<\/div>\n\t\t<div class=\"elementor-element elementor-element-ff23673 e-con-full e-flex e-con e-child\" data-id=\"ff23673\" data-element_type=\"container\" data-e-type=\"container\">\n\t\t\t\t<\/div>\n\t\t\t\t\t<\/div>\n\t\t\t\t<\/div>\n\t\t<div class=\"elementor-element elementor-element-d4e0ea6 e-flex e-con-boxed e-con e-parent\" data-id=\"d4e0ea6\" data-element_type=\"container\" data-e-type=\"container\">\n\t\t\t\t\t<div class=\"e-con-inner\">\n\t\t\t\t<div class=\"elementor-element elementor-element-5e9c55d elementor-widget elementor-widget-google_maps\" data-id=\"5e9c55d\" data-element_type=\"widget\" data-e-type=\"widget\" data-widget_type=\"google_maps.default\">\n\t\t\t\t<div class=\"elementor-widget-container\">\n\t\t\t\t\t\t\t<div class=\"elementor-custom-embed\">\n\t\t\t<iframe loading=\"lazy\"\n\t\t\t\t\tsrc=\"https:\/\/maps.google.com\/maps?q=hotel%20villava&#038;t=m&#038;z=10&#038;output=embed&#038;iwloc=near\"\n\t\t\t\t\ttitle=\"hotel villava\"\n\t\t\t\t\taria-label=\"hotel villava\"\n\t\t\t><\/iframe>\n\t\t<\/div>\n\t\t\t\t\t\t<\/div>\n\t\t\t\t<\/div>\n\t\t\t\t\t<\/div>\n\t\t\t\t<\/div>\n\t\t<div class=\"elementor-element elementor-element-32b51e3 e-flex e-con-boxed e-con e-parent\" data-id=\"32b51e3\" data-element_type=\"container\" data-e-type=\"container\">\n\t\t\t\t\t<div class=\"e-con-inner\">\n\t\t\t\t<div class=\"elementor-element elementor-element-0bfe99e elementor-widget elementor-widget-heading\" data-id=\"0bfe99e\" data-element_type=\"widget\" data-e-type=\"widget\" data-widget_type=\"heading.default\">\n\t\t\t\t<div class=\"elementor-widget-container\">\n\t\t\t\t\t<h2 class=\"elementor-heading-title elementor-size-default\">TRANSPORT PUBLIC \u00c0 PAMPELUNE<\/h2>\t\t\t\t<\/div>\n\t\t\t\t<\/div>\n\t\t\t\t\t<\/div>\n\t\t\t\t<\/div>\n\t\t<div class=\"elementor-element elementor-element-dcf7163 e-flex e-con-boxed e-con e-parent\" data-id=\"dcf7163\" data-element_type=\"container\" data-e-type=\"container\">\n\t\t\t\t\t<div class=\"e-con-inner\">\n\t\t\t\t<div class=\"elementor-element elementor-element-6ad2872 elementor-widget elementor-widget-heading\" data-id=\"6ad2872\" data-element_type=\"widget\" data-e-type=\"widget\" data-widget_type=\"heading.default\">\n\t\t\t\t<div class=\"elementor-widget-container\">\n\t\t\t\t\t<h2 class=\"elementor-heading-title elementor-size-default\">Bus r\u00e9guliers<\/h2>\t\t\t\t<\/div>\n\t\t\t\t<\/div>\n\t\t\t\t\t<\/div>\n\t\t\t\t<\/div>\n\t\t<div class=\"elementor-element elementor-element-1c1ee9d e-flex e-con-boxed e-con e-parent\" data-id=\"1c1ee9d\" data-element_type=\"container\" data-e-type=\"container\">\n\t\t\t\t\t<div class=\"e-con-inner\">\n\t\t\t\t<div class=\"elementor-element elementor-element-56a88c3 elementor-widget elementor-widget-text-editor\" data-id=\"56a88c3\" data-element_type=\"widget\" data-e-type=\"widget\" data-widget_type=\"text-editor.default\">\n\t\t\t\t<div class=\"elementor-widget-container\">\n\t\t\t\t\t\t\t\t\t<p>Le centre de Pampelune se trouve \u00e0 3 km de l\u2019h\u00f4tel et le meilleur moyen de s\u2019y rendre est le bus.<\/p>\t\t\t\t\t\t\t\t<\/div>\n\t\t\t\t<\/div>\n\t\t\t\t\t<\/div>\n\t\t\t\t<\/div>\n\t\t<div class=\"elementor-element elementor-element-0ec1dd2 e-flex e-con-boxed e-con e-parent\" data-id=\"0ec1dd2\" data-element_type=\"container\" data-e-type=\"container\">\n\t\t\t\t\t<div class=\"e-con-inner\">\n\t\t\t\t<div class=\"elementor-element elementor-element-6ca80d0 elementor-widget elementor-widget-text-editor\" data-id=\"6ca80d0\" data-element_type=\"widget\" data-e-type=\"widget\" data-widget_type=\"text-editor.default\">\n\t\t\t\t<div class=\"elementor-widget-container\">\n\t\t\t\t\t\t\t\t\t<h4><a href=\"https:\/\/www.infotuc.es\/index.php\/es\/\" target=\"_blank\" rel=\"noopener\">\u00a0Lignes, horaires et fr\u00e9quences<\/a><\/h4><p><strong><a href=\"https:\/\/play.google.com\/store\/apps\/details?id=com.geoactio.buspamplona&amp;hl=es&amp;pli=1\" target=\"_blank\" rel=\"noopener\">Il est pr\u00e9f\u00e9rable de t\u00e9l\u00e9charger le TU VILLAVESA<\/a><br \/><\/strong>o\u00f9 l\u2019information est en temps r\u00e9el.<\/p>\t\t\t\t\t\t\t\t<\/div>\n\t\t\t\t<\/div>\n\t\t\t\t\t<\/div>\n\t\t\t\t<\/div>\n\t\t<div class=\"elementor-element elementor-element-5b9c7bd e-flex e-con-boxed e-con e-parent\" data-id=\"5b9c7bd\" data-element_type=\"container\" data-e-type=\"container\">\n\t\t\t\t\t<div class=\"e-con-inner\">\n\t\t\t\t<div class=\"elementor-element elementor-element-a035317 elementor-widget elementor-widget-heading\" data-id=\"a035317\" data-element_type=\"widget\" data-e-type=\"widget\" data-widget_type=\"heading.default\">\n\t\t\t\t<div class=\"elementor-widget-container\">\n\t\t\t\t\t<h2 class=\"elementor-heading-title elementor-size-default\">Taxi<\/h2>\t\t\t\t<\/div>\n\t\t\t\t<\/div>\n\t\t\t\t\t<\/div>\n\t\t\t\t<\/div>\n\t\t<div class=\"elementor-element elementor-element-3e7a1f2 e-flex e-con-boxed e-con e-parent\" data-id=\"3e7a1f2\" data-element_type=\"container\" data-e-type=\"container\">\n\t\t\t\t\t<div class=\"e-con-inner\">\n\t\t\t\t<div class=\"elementor-element elementor-element-2c2bf2c elementor-widget elementor-widget-text-editor\" data-id=\"2c2bf2c\" data-element_type=\"widget\" data-e-type=\"widget\" data-widget_type=\"text-editor.default\">\n\t\t\t\t<div class=\"elementor-widget-container\">\n\t\t\t\t\t\t\t\t\t<p>Si vous le souhaitez \u00e0 la r\u00e9ception, nous pouvons commander un taxi ou si vous pr\u00e9f\u00e9rez, vous pouvez appeler le T.948 23 23 00<br \/>ou consulter le site web\u00a0\u00a0<a style=\"font-family: var( --e-global-typography-text-font-family ), Sans-serif; font-weight: var( --e-global-typography-text-font-weight ); text-align: var(--text-align); background-color: #ffffff;\" href=\"https:\/\/taxipamplona.com\/en\/services\/?noredirect=en-US\" target=\"_blank\" rel=\"noopener\">Teletaxipamplona<\/a><\/p><p><a href=\"https:\/\/pidetaxi.es\/\" target=\"_blank\" rel=\"noopener\">Ou via l\u2019application\u00a0 \u00abpidetaxi\u00bb<\/a><\/p><p><a href=\"https:\/\/www.mcp.es\/transporte\/taxi\/como-solicitar-un-taxi\" target=\"_blank\" rel=\"noopener\">\u00bf Comment demander un taxi ?<\/a><\/p>\t\t\t\t\t\t\t\t<\/div>\n\t\t\t\t<\/div>\n\t\t\t\t\t<\/div>\n\t\t\t\t<\/div>\n\t\t<div class=\"elementor-element elementor-element-c9b6e0d e-flex e-con-boxed e-con e-parent\" data-id=\"c9b6e0d\" data-element_type=\"container\" data-e-type=\"container\">\n\t\t\t\t\t<div class=\"e-con-inner\">\n\t\t\t\t<div class=\"elementor-element elementor-element-428e162 elementor-widget elementor-widget-heading\" data-id=\"428e162\" data-element_type=\"widget\" data-e-type=\"widget\" id=\"Visites_gratuites_Pampelune\" data-widget_type=\"heading.default\">\n\t\t\t\t<div class=\"elementor-widget-container\">\n\t\t\t\t\t<h2 class=\"elementor-heading-title elementor-size-default\">Visites gratuites \u00e0 Pamplona<\/h2>\t\t\t\t<\/div>\n\t\t\t\t<\/div>\n\t\t\t\t\t<\/div>\n\t\t\t\t<\/div>\n\t\t<div class=\"elementor-element elementor-element-4c301fd e-flex e-con-boxed e-con e-parent\" data-id=\"4c301fd\" data-element_type=\"container\" data-e-type=\"container\">\n\t\t\t\t\t<div class=\"e-con-inner\">\n\t\t\t\t<div class=\"elementor-element elementor-element-eee1184 elementor-widget elementor-widget-image\" data-id=\"eee1184\" data-element_type=\"widget\" data-e-type=\"widget\" data-widget_type=\"image.default\">\n\t\t\t\t<div class=\"elementor-widget-container\">\n\t\t\t\t\t\t\t\t\t\t\t\t\t\t\t<img decoding=\"async\" width=\"710\" height=\"710\" src=\"https:\/\/hotelvillava.com\/enpamplona\/wp-content\/uploads\/2025\/07\/say-pamplona-and-smile-1.jpg\" class=\"attachment-large size-large wp-image-2582\" alt=\"Visites gratuites \u00e0 Pamplona\" srcset=\"https:\/\/hotelvillava.com\/enpamplona\/wp-content\/uploads\/2025\/07\/say-pamplona-and-smile-1.jpg 710w, https:\/\/hotelvillava.com\/enpamplona\/wp-content\/uploads\/2025\/07\/say-pamplona-and-smile-1-300x300.jpg 300w, https:\/\/hotelvillava.com\/enpamplona\/wp-content\/uploads\/2025\/07\/say-pamplona-and-smile-1-150x150.jpg 150w, https:\/\/hotelvillava.com\/enpamplona\/wp-content\/uploads\/2025\/07\/say-pamplona-and-smile-1-280x280.jpg 280w, https:\/\/hotelvillava.com\/enpamplona\/wp-content\/uploads\/2025\/07\/say-pamplona-and-smile-1-560x560.jpg 560w, https:\/\/hotelvillava.com\/enpamplona\/wp-content\/uploads\/2025\/07\/say-pamplona-and-smile-1-600x600.jpg 600w\" sizes=\"(max-width: 710px) 100vw, 710px\" \/>\t\t\t\t\t\t\t\t\t\t\t\t\t\t\t<\/div>\n\t\t\t\t<\/div>\n\t\t\t\t\t<\/div>\n\t\t\t\t<\/div>\n\t\t\t\t<\/div>\n\t\t","protected":false},"excerpt":{"rendered":"<p>TRANSPORT PUBLIC \u00c0 PAMPELUNE Agenda Visiter Navarre Visites gratuites \u00e0 Pampelune TRANSPORT PUBLIC \u00c0 PAMPELUNE Bus r\u00e9guliers Le centre de Pampelune se trouve \u00e0 3 km de l\u2019h\u00f4tel et le meilleur moyen de s\u2019y rendre est le bus. \u00a0Lignes, horaires et fr\u00e9quences Il est pr\u00e9f\u00e9rable de t\u00e9l\u00e9charger le TU VILLAVESAo\u00f9 [&hellip;]<\/p>\n","protected":false},"author":2,"featured_media":0,"parent":0,"menu_order":0,"comment_status":"closed","ping_status":"closed","template":"","meta":{"_exactmetrics_skip_tracking":false,"_exactmetrics_sitenote_active":false,"_exactmetrics_sitenote_note":"","_exactmetrics_sitenote_category":0,"footnotes":""},"class_list":["post-1700","page","type-page","status-publish","hentry"],"yoast_head":"<!-- This site is optimized with the Yoast SEO plugin v27.1.1 - https:\/\/yoast.com\/product\/yoast-seo-wordpress\/ -->\n<title>Liens d\u2019int\u00e9r\u00eat - Hotel Villava en Pamplona<\/title>\n<meta name=\"robots\" content=\"index, follow, max-snippet:-1, max-image-preview:large, max-video-preview:-1\" \/>\n<link rel=\"canonical\" href=\"https:\/\/hotelvillava.com\/enpamplona\/fr\/liens-dinteret\/\" \/>\n<meta property=\"og:locale\" content=\"es_ES\" \/>\n<meta property=\"og:type\" content=\"article\" \/>\n<meta property=\"og:title\" content=\"Liens d\u2019int\u00e9r\u00eat - Hotel Villava en Pamplona\" \/>\n<meta property=\"og:description\" content=\"TRANSPORT PUBLIC \u00c0 PAMPELUNE Agenda Visiter Navarre Visites gratuites \u00e0 Pampelune TRANSPORT PUBLIC \u00c0 PAMPELUNE Bus r\u00e9guliers Le centre de Pampelune se trouve \u00e0 3 km de l\u2019h\u00f4tel et le meilleur moyen de s\u2019y rendre est le bus. \u00a0Lignes, horaires et fr\u00e9quences Il est pr\u00e9f\u00e9rable de t\u00e9l\u00e9charger le TU VILLAVESAo\u00f9 [&hellip;]\" \/>\n<meta property=\"og:url\" content=\"https:\/\/hotelvillava.com\/enpamplona\/fr\/liens-dinteret\/\" \/>\n<meta property=\"og:site_name\" content=\"Hotel Villava en Pamplona\" \/>\n<meta property=\"article:modified_time\" content=\"2025-07-23T11:24:36+00:00\" \/>\n<meta property=\"og:image\" content=\"https:\/\/hotelvillava.com\/enpamplona\/wp-content\/uploads\/2024\/07\/Gorramendi-de-Pili-Zozaya.jpg\" \/>\n<meta name=\"twitter:card\" content=\"summary_large_image\" \/>\n<meta name=\"twitter:label1\" content=\"Tiempo de lectura\" \/>\n\t<meta name=\"twitter:data1\" content=\"1 minuto\" \/>\n<script type=\"application\/ld+json\" class=\"yoast-schema-graph\">{\"@context\":\"https:\/\/schema.org\",\"@graph\":[{\"@type\":\"WebPage\",\"@id\":\"https:\/\/hotelvillava.com\/enpamplona\/fr\/liens-dinteret\/\",\"url\":\"https:\/\/hotelvillava.com\/enpamplona\/fr\/liens-dinteret\/\",\"name\":\"Liens d\u2019int\u00e9r\u00eat - Hotel Villava en Pamplona\",\"isPartOf\":{\"@id\":\"https:\/\/hotelvillava.com\/enpamplona\/#website\"},\"primaryImageOfPage\":{\"@id\":\"https:\/\/hotelvillava.com\/enpamplona\/fr\/liens-dinteret\/#primaryimage\"},\"image\":{\"@id\":\"https:\/\/hotelvillava.com\/enpamplona\/fr\/liens-dinteret\/#primaryimage\"},\"thumbnailUrl\":\"https:\/\/hotelvillava.com\/enpamplona\/wp-content\/uploads\/2024\/07\/Gorramendi-de-Pili-Zozaya.jpg\",\"datePublished\":\"2024-07-09T09:55:56+00:00\",\"dateModified\":\"2025-07-23T11:24:36+00:00\",\"breadcrumb\":{\"@id\":\"https:\/\/hotelvillava.com\/enpamplona\/fr\/liens-dinteret\/#breadcrumb\"},\"inLanguage\":\"es\",\"potentialAction\":[{\"@type\":\"ReadAction\",\"target\":[\"https:\/\/hotelvillava.com\/enpamplona\/fr\/liens-dinteret\/\"]}]},{\"@type\":\"ImageObject\",\"inLanguage\":\"es\",\"@id\":\"https:\/\/hotelvillava.com\/enpamplona\/fr\/liens-dinteret\/#primaryimage\",\"url\":\"https:\/\/hotelvillava.com\/enpamplona\/wp-content\/uploads\/2024\/07\/Gorramendi-de-Pili-Zozaya.jpg\",\"contentUrl\":\"https:\/\/hotelvillava.com\/enpamplona\/wp-content\/uploads\/2024\/07\/Gorramendi-de-Pili-Zozaya.jpg\",\"width\":2048,\"height\":1536},{\"@type\":\"BreadcrumbList\",\"@id\":\"https:\/\/hotelvillava.com\/enpamplona\/fr\/liens-dinteret\/#breadcrumb\",\"itemListElement\":[{\"@type\":\"ListItem\",\"position\":1,\"name\":\"Portada\",\"item\":\"https:\/\/hotelvillava.com\/enpamplona\/\"},{\"@type\":\"ListItem\",\"position\":2,\"name\":\"Liens d\u2019int\u00e9r\u00eat\"}]},{\"@type\":\"WebSite\",\"@id\":\"https:\/\/hotelvillava.com\/enpamplona\/#website\",\"url\":\"https:\/\/hotelvillava.com\/enpamplona\/\",\"name\":\"Hotel Villava en Pamplona\",\"description\":\"Hotel familiar a 10 minutos del centro de Pamplona\",\"publisher\":{\"@id\":\"https:\/\/hotelvillava.com\/enpamplona\/#organization\"},\"potentialAction\":[{\"@type\":\"SearchAction\",\"target\":{\"@type\":\"EntryPoint\",\"urlTemplate\":\"https:\/\/hotelvillava.com\/enpamplona\/?s={search_term_string}\"},\"query-input\":{\"@type\":\"PropertyValueSpecification\",\"valueRequired\":true,\"valueName\":\"search_term_string\"}}],\"inLanguage\":\"es\"},{\"@type\":\"Organization\",\"@id\":\"https:\/\/hotelvillava.com\/enpamplona\/#organization\",\"name\":\"Hotel Villava en Pamplona\",\"url\":\"https:\/\/hotelvillava.com\/enpamplona\/\",\"logo\":{\"@type\":\"ImageObject\",\"inLanguage\":\"es\",\"@id\":\"https:\/\/hotelvillava.com\/enpamplona\/#\/schema\/logo\/image\/\",\"url\":\"https:\/\/hotelvillava.com\/enpamplona\/wp-content\/uploads\/2023\/02\/cropped-logo-villava-trans-1.png\",\"contentUrl\":\"https:\/\/hotelvillava.com\/enpamplona\/wp-content\/uploads\/2023\/02\/cropped-logo-villava-trans-1.png\",\"width\":665,\"height\":244,\"caption\":\"Hotel Villava en Pamplona\"},\"image\":{\"@id\":\"https:\/\/hotelvillava.com\/enpamplona\/#\/schema\/logo\/image\/\"}}]}<\/script>\n<!-- \/ Yoast SEO plugin. -->","yoast_head_json":{"title":"Liens d\u2019int\u00e9r\u00eat - Hotel Villava en Pamplona","robots":{"index":"index","follow":"follow","max-snippet":"max-snippet:-1","max-image-preview":"max-image-preview:large","max-video-preview":"max-video-preview:-1"},"canonical":"https:\/\/hotelvillava.com\/enpamplona\/fr\/liens-dinteret\/","og_locale":"es_ES","og_type":"article","og_title":"Liens d\u2019int\u00e9r\u00eat - Hotel Villava en Pamplona","og_description":"TRANSPORT PUBLIC \u00c0 PAMPELUNE Agenda Visiter Navarre Visites gratuites \u00e0 Pampelune TRANSPORT PUBLIC \u00c0 PAMPELUNE Bus r\u00e9guliers Le centre de Pampelune se trouve \u00e0 3 km de l\u2019h\u00f4tel et le meilleur moyen de s\u2019y rendre est le bus. \u00a0Lignes, horaires et fr\u00e9quences Il est pr\u00e9f\u00e9rable de t\u00e9l\u00e9charger le TU VILLAVESAo\u00f9 [&hellip;]","og_url":"https:\/\/hotelvillava.com\/enpamplona\/fr\/liens-dinteret\/","og_site_name":"Hotel Villava en Pamplona","article_modified_time":"2025-07-23T11:24:36+00:00","og_image":[{"url":"https:\/\/hotelvillava.com\/enpamplona\/wp-content\/uploads\/2024\/07\/Gorramendi-de-Pili-Zozaya.jpg","type":"","width":"","height":""}],"twitter_card":"summary_large_image","twitter_misc":{"Tiempo de lectura":"1 minuto"},"schema":{"@context":"https:\/\/schema.org","@graph":[{"@type":"WebPage","@id":"https:\/\/hotelvillava.com\/enpamplona\/fr\/liens-dinteret\/","url":"https:\/\/hotelvillava.com\/enpamplona\/fr\/liens-dinteret\/","name":"Liens d\u2019int\u00e9r\u00eat - Hotel Villava en Pamplona","isPartOf":{"@id":"https:\/\/hotelvillava.com\/enpamplona\/#website"},"primaryImageOfPage":{"@id":"https:\/\/hotelvillava.com\/enpamplona\/fr\/liens-dinteret\/#primaryimage"},"image":{"@id":"https:\/\/hotelvillava.com\/enpamplona\/fr\/liens-dinteret\/#primaryimage"},"thumbnailUrl":"https:\/\/hotelvillava.com\/enpamplona\/wp-content\/uploads\/2024\/07\/Gorramendi-de-Pili-Zozaya.jpg","datePublished":"2024-07-09T09:55:56+00:00","dateModified":"2025-07-23T11:24:36+00:00","breadcrumb":{"@id":"https:\/\/hotelvillava.com\/enpamplona\/fr\/liens-dinteret\/#breadcrumb"},"inLanguage":"es","potentialAction":[{"@type":"ReadAction","target":["https:\/\/hotelvillava.com\/enpamplona\/fr\/liens-dinteret\/"]}]},{"@type":"ImageObject","inLanguage":"es","@id":"https:\/\/hotelvillava.com\/enpamplona\/fr\/liens-dinteret\/#primaryimage","url":"https:\/\/hotelvillava.com\/enpamplona\/wp-content\/uploads\/2024\/07\/Gorramendi-de-Pili-Zozaya.jpg","contentUrl":"https:\/\/hotelvillava.com\/enpamplona\/wp-content\/uploads\/2024\/07\/Gorramendi-de-Pili-Zozaya.jpg","width":2048,"height":1536},{"@type":"BreadcrumbList","@id":"https:\/\/hotelvillava.com\/enpamplona\/fr\/liens-dinteret\/#breadcrumb","itemListElement":[{"@type":"ListItem","position":1,"name":"Portada","item":"https:\/\/hotelvillava.com\/enpamplona\/"},{"@type":"ListItem","position":2,"name":"Liens d\u2019int\u00e9r\u00eat"}]},{"@type":"WebSite","@id":"https:\/\/hotelvillava.com\/enpamplona\/#website","url":"https:\/\/hotelvillava.com\/enpamplona\/","name":"Hotel Villava en Pamplona","description":"Hotel familiar a 10 minutos del centro de Pamplona","publisher":{"@id":"https:\/\/hotelvillava.com\/enpamplona\/#organization"},"potentialAction":[{"@type":"SearchAction","target":{"@type":"EntryPoint","urlTemplate":"https:\/\/hotelvillava.com\/enpamplona\/?s={search_term_string}"},"query-input":{"@type":"PropertyValueSpecification","valueRequired":true,"valueName":"search_term_string"}}],"inLanguage":"es"},{"@type":"Organization","@id":"https:\/\/hotelvillava.com\/enpamplona\/#organization","name":"Hotel Villava en Pamplona","url":"https:\/\/hotelvillava.com\/enpamplona\/","logo":{"@type":"ImageObject","inLanguage":"es","@id":"https:\/\/hotelvillava.com\/enpamplona\/#\/schema\/logo\/image\/","url":"https:\/\/hotelvillava.com\/enpamplona\/wp-content\/uploads\/2023\/02\/cropped-logo-villava-trans-1.png","contentUrl":"https:\/\/hotelvillava.com\/enpamplona\/wp-content\/uploads\/2023\/02\/cropped-logo-villava-trans-1.png","width":665,"height":244,"caption":"Hotel Villava en Pamplona"},"image":{"@id":"https:\/\/hotelvillava.com\/enpamplona\/#\/schema\/logo\/image\/"}}]}},"_links":{"self":[{"href":"https:\/\/hotelvillava.com\/enpamplona\/wp-json\/wp\/v2\/pages\/1700","targetHints":{"allow":["GET"]}}],"collection":[{"href":"https:\/\/hotelvillava.com\/enpamplona\/wp-json\/wp\/v2\/pages"}],"about":[{"href":"https:\/\/hotelvillava.com\/enpamplona\/wp-json\/wp\/v2\/types\/page"}],"author":[{"embeddable":true,"href":"https:\/\/hotelvillava.com\/enpamplona\/wp-json\/wp\/v2\/users\/2"}],"replies":[{"embeddable":true,"href":"https:\/\/hotelvillava.com\/enpamplona\/wp-json\/wp\/v2\/comments?post=1700"}],"version-history":[{"count":28,"href":"https:\/\/hotelvillava.com\/enpamplona\/wp-json\/wp\/v2\/pages\/1700\/revisions"}],"predecessor-version":[{"id":2585,"href":"https:\/\/hotelvillava.com\/enpamplona\/wp-json\/wp\/v2\/pages\/1700\/revisions\/2585"}],"wp:attachment":[{"href":"https:\/\/hotelvillava.com\/enpamplona\/wp-json\/wp\/v2\/media?parent=1700"}],"curies":[{"name":"wp","href":"https:\/\/api.w.org\/{rel}","templated":true}]}}