{"id":1430,"date":"2024-03-18T18:42:29","date_gmt":"2024-03-18T18:42:29","guid":{"rendered":"https:\/\/hotelvillava.com\/enpamplona\/?page_id=1430"},"modified":"2025-06-26T16:32:51","modified_gmt":"2025-06-26T16:32:51","slug":"offre","status":"publish","type":"page","link":"https:\/\/hotelvillava.com\/enpamplona\/fr\/offre\/","title":{"rendered":"Offre"},"content":{"rendered":"\t\t<div data-elementor-type=\"wp-page\" data-elementor-id=\"1430\" class=\"elementor elementor-1430\">\n\t\t\t\t<div class=\"elementor-element elementor-element-3d5be77 e-flex e-con-boxed e-con e-parent\" data-id=\"3d5be77\" data-element_type=\"container\" data-e-type=\"container\">\n\t\t\t\t\t<div class=\"e-con-inner\">\n\t\t\t\t<div class=\"elementor-element elementor-element-090563e elementor-widget elementor-widget-image\" data-id=\"090563e\" data-element_type=\"widget\" data-e-type=\"widget\" data-widget_type=\"image.default\">\n\t\t\t\t<div class=\"elementor-widget-container\">\n\t\t\t\t\t\t\t\t\t\t\t\t\t\t\t<img fetchpriority=\"high\" decoding=\"async\" width=\"930\" height=\"620\" src=\"https:\/\/hotelvillava.com\/enpamplona\/wp-content\/uploads\/2024\/03\/pareja-con-copas-de-vino.-oferta-hotel-Villava-pamplona-2-1024x683.jpg\" class=\"attachment-large size-large wp-image-1432\" alt=\"Offre dans Hotel Villava Pamplona\" srcset=\"https:\/\/hotelvillava.com\/enpamplona\/wp-content\/uploads\/2024\/03\/pareja-con-copas-de-vino.-oferta-hotel-Villava-pamplona-2-1024x683.jpg 1024w, https:\/\/hotelvillava.com\/enpamplona\/wp-content\/uploads\/2024\/03\/pareja-con-copas-de-vino.-oferta-hotel-Villava-pamplona-2-300x200.jpg 300w, https:\/\/hotelvillava.com\/enpamplona\/wp-content\/uploads\/2024\/03\/pareja-con-copas-de-vino.-oferta-hotel-Villava-pamplona-2-2000x1333.jpg 2000w, https:\/\/hotelvillava.com\/enpamplona\/wp-content\/uploads\/2024\/03\/pareja-con-copas-de-vino.-oferta-hotel-Villava-pamplona-2-scaled-1536x1024.jpg 1536w, https:\/\/hotelvillava.com\/enpamplona\/wp-content\/uploads\/2024\/03\/pareja-con-copas-de-vino.-oferta-hotel-Villava-pamplona-2-scaled-2048x1366.jpg 2048w\" sizes=\"(max-width: 930px) 100vw, 930px\" \/>\t\t\t\t\t\t\t\t\t\t\t\t\t\t\t<\/div>\n\t\t\t\t<\/div>\n\t\t\t\t\t<\/div>\n\t\t\t\t<\/div>\n\t\t<div class=\"elementor-element elementor-element-29512ba e-flex e-con-boxed e-con e-parent\" data-id=\"29512ba\" data-element_type=\"container\" data-e-type=\"container\">\n\t\t\t\t\t<div class=\"e-con-inner\">\n\t\t\t\t<div class=\"elementor-element elementor-element-29dea4f elementor-widget elementor-widget-heading\" data-id=\"29dea4f\" data-element_type=\"widget\" data-e-type=\"widget\" data-widget_type=\"heading.default\">\n\t\t\t\t<div class=\"elementor-widget-container\">\n\t\t\t\t\t<h2 class=\"elementor-heading-title elementor-size-default\">Profitez d\u2019un week-end diff\u00e9rent <\/h2>\t\t\t\t<\/div>\n\t\t\t\t<\/div>\n\t\t\t\t\t<\/div>\n\t\t\t\t<\/div>\n\t\t<div class=\"elementor-element elementor-element-97b6e78 e-flex e-con-boxed e-con e-parent\" data-id=\"97b6e78\" data-element_type=\"container\" data-e-type=\"container\">\n\t\t\t\t\t<div class=\"e-con-inner\">\n\t\t\t\t<div class=\"elementor-element elementor-element-10cedd9 elementor-widget elementor-widget-text-editor\" data-id=\"10cedd9\" data-element_type=\"widget\" data-e-type=\"widget\" data-widget_type=\"text-editor.default\">\n\t\t\t\t<div class=\"elementor-widget-container\">\n\t\t\t\t\t\t\t\t\t<p>Profitez de 2 nuits d\u2019h\u00f4tel avec petit-d\u00e9jeuner buffet inclus,<br \/>une bouteille de vin D.O. Navarra pour trinquer ensemble,<br \/>une s\u00e9ance de spa urbain relaxant pour 2 personnes au Cubo Spa &amp; Sport Itaroa<br \/>(\u00e0 seulement 5 minutes en voiture de l\u2019h\u00f4tel)<br \/>et 2 jours de stationnement.<br \/>Faites de votre week-end une exp\u00e9rience inoubliable avec cette offre incroyable !<br \/>R\u00e9servez d\u00e8s maintenant et cr\u00e9ez ensemble des souvenirs inoubliables !<\/p>\t\t\t\t\t\t\t\t<\/div>\n\t\t\t\t<\/div>\n\t\t\t\t\t<\/div>\n\t\t\t\t<\/div>\n\t\t\t\t<\/div>\n\t\t","protected":false},"excerpt":{"rendered":"<p>Profitez d\u2019un week-end diff\u00e9rent Profitez de 2 nuits d\u2019h\u00f4tel avec petit-d\u00e9jeuner buffet inclus,une bouteille de vin D.O. Navarra pour trinquer ensemble,une s\u00e9ance de spa urbain relaxant pour 2 personnes au Cubo Spa &amp; Sport Itaroa(\u00e0 seulement 5 minutes en voiture de l\u2019h\u00f4tel)et 2 jours de stationnement.Faites de votre week-end une [&hellip;]<\/p>\n","protected":false},"author":2,"featured_media":0,"parent":0,"menu_order":0,"comment_status":"closed","ping_status":"closed","template":"","meta":{"_exactmetrics_skip_tracking":false,"_exactmetrics_sitenote_active":false,"_exactmetrics_sitenote_note":"","_exactmetrics_sitenote_category":0,"footnotes":""},"class_list":["post-1430","page","type-page","status-publish","hentry"],"yoast_head":"<!-- This site is optimized with the Yoast SEO plugin v27.1.1 - https:\/\/yoast.com\/product\/yoast-seo-wordpress\/ -->\n<title>Offre - Hotel Villava en Pamplona<\/title>\n<meta name=\"robots\" content=\"index, follow, max-snippet:-1, max-image-preview:large, max-video-preview:-1\" \/>\n<link rel=\"canonical\" href=\"https:\/\/hotelvillava.com\/enpamplona\/fr\/offre\/\" \/>\n<meta property=\"og:locale\" content=\"es_ES\" \/>\n<meta property=\"og:type\" content=\"article\" \/>\n<meta property=\"og:title\" content=\"Offre - Hotel Villava en Pamplona\" \/>\n<meta property=\"og:description\" content=\"Profitez d\u2019un week-end diff\u00e9rent Profitez de 2 nuits d\u2019h\u00f4tel avec petit-d\u00e9jeuner buffet inclus,une bouteille de vin D.O. Navarra pour trinquer ensemble,une s\u00e9ance de spa urbain relaxant pour 2 personnes au Cubo Spa &amp; Sport Itaroa(\u00e0 seulement 5 minutes en voiture de l\u2019h\u00f4tel)et 2 jours de stationnement.Faites de votre week-end une [&hellip;]\" \/>\n<meta property=\"og:url\" content=\"https:\/\/hotelvillava.com\/enpamplona\/fr\/offre\/\" \/>\n<meta property=\"og:site_name\" content=\"Hotel Villava en Pamplona\" \/>\n<meta property=\"article:modified_time\" content=\"2025-06-26T16:32:51+00:00\" \/>\n<meta property=\"og:image\" content=\"https:\/\/hotelvillava.com\/enpamplona\/wp-content\/uploads\/2024\/03\/pareja-con-copas-de-vino.-oferta-hotel-Villava-pamplona-2-1024x683.jpg\" \/>\n<meta name=\"twitter:card\" content=\"summary_large_image\" \/>\n<script type=\"application\/ld+json\" class=\"yoast-schema-graph\">{\"@context\":\"https:\/\/schema.org\",\"@graph\":[{\"@type\":\"WebPage\",\"@id\":\"https:\/\/hotelvillava.com\/enpamplona\/fr\/offre\/\",\"url\":\"https:\/\/hotelvillava.com\/enpamplona\/fr\/offre\/\",\"name\":\"Offre - Hotel Villava en Pamplona\",\"isPartOf\":{\"@id\":\"https:\/\/hotelvillava.com\/enpamplona\/#website\"},\"primaryImageOfPage\":{\"@id\":\"https:\/\/hotelvillava.com\/enpamplona\/fr\/offre\/#primaryimage\"},\"image\":{\"@id\":\"https:\/\/hotelvillava.com\/enpamplona\/fr\/offre\/#primaryimage\"},\"thumbnailUrl\":\"https:\/\/hotelvillava.com\/enpamplona\/wp-content\/uploads\/2024\/03\/pareja-con-copas-de-vino.-oferta-hotel-Villava-pamplona-2-1024x683.jpg\",\"datePublished\":\"2024-03-18T18:42:29+00:00\",\"dateModified\":\"2025-06-26T16:32:51+00:00\",\"breadcrumb\":{\"@id\":\"https:\/\/hotelvillava.com\/enpamplona\/fr\/offre\/#breadcrumb\"},\"inLanguage\":\"es\",\"potentialAction\":[{\"@type\":\"ReadAction\",\"target\":[\"https:\/\/hotelvillava.com\/enpamplona\/fr\/offre\/\"]}]},{\"@type\":\"ImageObject\",\"inLanguage\":\"es\",\"@id\":\"https:\/\/hotelvillava.com\/enpamplona\/fr\/offre\/#primaryimage\",\"url\":\"https:\/\/hotelvillava.com\/enpamplona\/wp-content\/uploads\/2024\/03\/pareja-con-copas-de-vino.-oferta-hotel-Villava-pamplona-2-scaled.jpg\",\"contentUrl\":\"https:\/\/hotelvillava.com\/enpamplona\/wp-content\/uploads\/2024\/03\/pareja-con-copas-de-vino.-oferta-hotel-Villava-pamplona-2-scaled.jpg\",\"width\":2560,\"height\":1707,\"caption\":\"Offre dans Hotel Villava Pamplona\"},{\"@type\":\"BreadcrumbList\",\"@id\":\"https:\/\/hotelvillava.com\/enpamplona\/fr\/offre\/#breadcrumb\",\"itemListElement\":[{\"@type\":\"ListItem\",\"position\":1,\"name\":\"Portada\",\"item\":\"https:\/\/hotelvillava.com\/enpamplona\/\"},{\"@type\":\"ListItem\",\"position\":2,\"name\":\"Offre\"}]},{\"@type\":\"WebSite\",\"@id\":\"https:\/\/hotelvillava.com\/enpamplona\/#website\",\"url\":\"https:\/\/hotelvillava.com\/enpamplona\/\",\"name\":\"Hotel Villava en Pamplona\",\"description\":\"Hotel familiar a 10 minutos del centro de Pamplona\",\"publisher\":{\"@id\":\"https:\/\/hotelvillava.com\/enpamplona\/#organization\"},\"potentialAction\":[{\"@type\":\"SearchAction\",\"target\":{\"@type\":\"EntryPoint\",\"urlTemplate\":\"https:\/\/hotelvillava.com\/enpamplona\/?s={search_term_string}\"},\"query-input\":{\"@type\":\"PropertyValueSpecification\",\"valueRequired\":true,\"valueName\":\"search_term_string\"}}],\"inLanguage\":\"es\"},{\"@type\":\"Organization\",\"@id\":\"https:\/\/hotelvillava.com\/enpamplona\/#organization\",\"name\":\"Hotel Villava en Pamplona\",\"url\":\"https:\/\/hotelvillava.com\/enpamplona\/\",\"logo\":{\"@type\":\"ImageObject\",\"inLanguage\":\"es\",\"@id\":\"https:\/\/hotelvillava.com\/enpamplona\/#\/schema\/logo\/image\/\",\"url\":\"https:\/\/hotelvillava.com\/enpamplona\/wp-content\/uploads\/2023\/02\/cropped-logo-villava-trans-1.png\",\"contentUrl\":\"https:\/\/hotelvillava.com\/enpamplona\/wp-content\/uploads\/2023\/02\/cropped-logo-villava-trans-1.png\",\"width\":665,\"height\":244,\"caption\":\"Hotel Villava en Pamplona\"},\"image\":{\"@id\":\"https:\/\/hotelvillava.com\/enpamplona\/#\/schema\/logo\/image\/\"}}]}<\/script>\n<!-- \/ Yoast SEO plugin. -->","yoast_head_json":{"title":"Offre - Hotel Villava en Pamplona","robots":{"index":"index","follow":"follow","max-snippet":"max-snippet:-1","max-image-preview":"max-image-preview:large","max-video-preview":"max-video-preview:-1"},"canonical":"https:\/\/hotelvillava.com\/enpamplona\/fr\/offre\/","og_locale":"es_ES","og_type":"article","og_title":"Offre - Hotel Villava en Pamplona","og_description":"Profitez d\u2019un week-end diff\u00e9rent Profitez de 2 nuits d\u2019h\u00f4tel avec petit-d\u00e9jeuner buffet inclus,une bouteille de vin D.O. Navarra pour trinquer ensemble,une s\u00e9ance de spa urbain relaxant pour 2 personnes au Cubo Spa &amp; Sport Itaroa(\u00e0 seulement 5 minutes en voiture de l\u2019h\u00f4tel)et 2 jours de stationnement.Faites de votre week-end une [&hellip;]","og_url":"https:\/\/hotelvillava.com\/enpamplona\/fr\/offre\/","og_site_name":"Hotel Villava en Pamplona","article_modified_time":"2025-06-26T16:32:51+00:00","og_image":[{"url":"https:\/\/hotelvillava.com\/enpamplona\/wp-content\/uploads\/2024\/03\/pareja-con-copas-de-vino.-oferta-hotel-Villava-pamplona-2-1024x683.jpg","type":"","width":"","height":""}],"twitter_card":"summary_large_image","schema":{"@context":"https:\/\/schema.org","@graph":[{"@type":"WebPage","@id":"https:\/\/hotelvillava.com\/enpamplona\/fr\/offre\/","url":"https:\/\/hotelvillava.com\/enpamplona\/fr\/offre\/","name":"Offre - Hotel Villava en Pamplona","isPartOf":{"@id":"https:\/\/hotelvillava.com\/enpamplona\/#website"},"primaryImageOfPage":{"@id":"https:\/\/hotelvillava.com\/enpamplona\/fr\/offre\/#primaryimage"},"image":{"@id":"https:\/\/hotelvillava.com\/enpamplona\/fr\/offre\/#primaryimage"},"thumbnailUrl":"https:\/\/hotelvillava.com\/enpamplona\/wp-content\/uploads\/2024\/03\/pareja-con-copas-de-vino.-oferta-hotel-Villava-pamplona-2-1024x683.jpg","datePublished":"2024-03-18T18:42:29+00:00","dateModified":"2025-06-26T16:32:51+00:00","breadcrumb":{"@id":"https:\/\/hotelvillava.com\/enpamplona\/fr\/offre\/#breadcrumb"},"inLanguage":"es","potentialAction":[{"@type":"ReadAction","target":["https:\/\/hotelvillava.com\/enpamplona\/fr\/offre\/"]}]},{"@type":"ImageObject","inLanguage":"es","@id":"https:\/\/hotelvillava.com\/enpamplona\/fr\/offre\/#primaryimage","url":"https:\/\/hotelvillava.com\/enpamplona\/wp-content\/uploads\/2024\/03\/pareja-con-copas-de-vino.-oferta-hotel-Villava-pamplona-2-scaled.jpg","contentUrl":"https:\/\/hotelvillava.com\/enpamplona\/wp-content\/uploads\/2024\/03\/pareja-con-copas-de-vino.-oferta-hotel-Villava-pamplona-2-scaled.jpg","width":2560,"height":1707,"caption":"Offre dans Hotel Villava Pamplona"},{"@type":"BreadcrumbList","@id":"https:\/\/hotelvillava.com\/enpamplona\/fr\/offre\/#breadcrumb","itemListElement":[{"@type":"ListItem","position":1,"name":"Portada","item":"https:\/\/hotelvillava.com\/enpamplona\/"},{"@type":"ListItem","position":2,"name":"Offre"}]},{"@type":"WebSite","@id":"https:\/\/hotelvillava.com\/enpamplona\/#website","url":"https:\/\/hotelvillava.com\/enpamplona\/","name":"Hotel Villava en Pamplona","description":"Hotel familiar a 10 minutos del centro de Pamplona","publisher":{"@id":"https:\/\/hotelvillava.com\/enpamplona\/#organization"},"potentialAction":[{"@type":"SearchAction","target":{"@type":"EntryPoint","urlTemplate":"https:\/\/hotelvillava.com\/enpamplona\/?s={search_term_string}"},"query-input":{"@type":"PropertyValueSpecification","valueRequired":true,"valueName":"search_term_string"}}],"inLanguage":"es"},{"@type":"Organization","@id":"https:\/\/hotelvillava.com\/enpamplona\/#organization","name":"Hotel Villava en Pamplona","url":"https:\/\/hotelvillava.com\/enpamplona\/","logo":{"@type":"ImageObject","inLanguage":"es","@id":"https:\/\/hotelvillava.com\/enpamplona\/#\/schema\/logo\/image\/","url":"https:\/\/hotelvillava.com\/enpamplona\/wp-content\/uploads\/2023\/02\/cropped-logo-villava-trans-1.png","contentUrl":"https:\/\/hotelvillava.com\/enpamplona\/wp-content\/uploads\/2023\/02\/cropped-logo-villava-trans-1.png","width":665,"height":244,"caption":"Hotel Villava en Pamplona"},"image":{"@id":"https:\/\/hotelvillava.com\/enpamplona\/#\/schema\/logo\/image\/"}}]}},"_links":{"self":[{"href":"https:\/\/hotelvillava.com\/enpamplona\/wp-json\/wp\/v2\/pages\/1430","targetHints":{"allow":["GET"]}}],"collection":[{"href":"https:\/\/hotelvillava.com\/enpamplona\/wp-json\/wp\/v2\/pages"}],"about":[{"href":"https:\/\/hotelvillava.com\/enpamplona\/wp-json\/wp\/v2\/types\/page"}],"author":[{"embeddable":true,"href":"https:\/\/hotelvillava.com\/enpamplona\/wp-json\/wp\/v2\/users\/2"}],"replies":[{"embeddable":true,"href":"https:\/\/hotelvillava.com\/enpamplona\/wp-json\/wp\/v2\/comments?post=1430"}],"version-history":[{"count":7,"href":"https:\/\/hotelvillava.com\/enpamplona\/wp-json\/wp\/v2\/pages\/1430\/revisions"}],"predecessor-version":[{"id":2435,"href":"https:\/\/hotelvillava.com\/enpamplona\/wp-json\/wp\/v2\/pages\/1430\/revisions\/2435"}],"wp:attachment":[{"href":"https:\/\/hotelvillava.com\/enpamplona\/wp-json\/wp\/v2\/media?parent=1430"}],"curies":[{"name":"wp","href":"https:\/\/api.w.org\/{rel}","templated":true}]}}