{"id":1014,"date":"2024-01-19T09:39:56","date_gmt":"2024-01-19T09:39:56","guid":{"rendered":"https:\/\/hotelvillava.com\/enpamplona\/?page_id=1014"},"modified":"2025-07-23T11:08:11","modified_gmt":"2025-07-23T11:08:11","slug":"enlaces-de-interes","status":"publish","type":"page","link":"https:\/\/hotelvillava.com\/enpamplona\/enlaces-de-interes\/","title":{"rendered":"Enlaces de inter\u00e9s"},"content":{"rendered":"\t\t<div data-elementor-type=\"wp-page\" data-elementor-id=\"1014\" class=\"elementor elementor-1014\">\n\t\t\t\t<div class=\"elementor-element elementor-element-d4e0ea6 e-flex e-con-boxed e-con e-parent\" data-id=\"d4e0ea6\" data-element_type=\"container\" data-e-type=\"container\">\n\t\t\t\t\t<div class=\"e-con-inner\">\n\t\t\t\t<div class=\"elementor-element elementor-element-5e9c55d elementor-widget elementor-widget-google_maps\" data-id=\"5e9c55d\" data-element_type=\"widget\" data-e-type=\"widget\" data-widget_type=\"google_maps.default\">\n\t\t\t\t<div class=\"elementor-widget-container\">\n\t\t\t\t\t\t\t<div class=\"elementor-custom-embed\">\n\t\t\t<iframe loading=\"lazy\"\n\t\t\t\t\tsrc=\"https:\/\/maps.google.com\/maps?q=hotel%20villava&#038;t=m&#038;z=10&#038;output=embed&#038;iwloc=near\"\n\t\t\t\t\ttitle=\"hotel villava\"\n\t\t\t\t\taria-label=\"hotel villava\"\n\t\t\t><\/iframe>\n\t\t<\/div>\n\t\t\t\t\t\t<\/div>\n\t\t\t\t<\/div>\n\t\t\t\t\t<\/div>\n\t\t\t\t<\/div>\n\t\t<div class=\"elementor-element elementor-element-ac8bda7 e-flex e-con-boxed e-con e-parent\" data-id=\"ac8bda7\" data-element_type=\"container\" data-e-type=\"container\">\n\t\t\t\t\t<div class=\"e-con-inner\">\n\t\t<div class=\"elementor-element elementor-element-4a4fa46 e-con-full e-flex e-con e-child\" data-id=\"4a4fa46\" data-element_type=\"container\" data-e-type=\"container\">\n\t\t\t\t<div class=\"elementor-element elementor-element-6b66b93 elementor-widget elementor-widget-heading\" data-id=\"6b66b93\" data-element_type=\"widget\" data-e-type=\"widget\" data-widget_type=\"heading.default\">\n\t\t\t\t<div class=\"elementor-widget-container\">\n\t\t\t\t\t<h2 class=\"elementor-heading-title elementor-size-default\"><a href=\"#transporte\">Transporte p\u00fablico en Pamplona<\/a><\/h2>\t\t\t\t<\/div>\n\t\t\t\t<\/div>\n\t\t\t\t<\/div>\n\t\t<div class=\"elementor-element elementor-element-d085fb7 e-con-full e-flex e-con e-child\" data-id=\"d085fb7\" data-element_type=\"container\" data-e-type=\"container\">\n\t\t\t\t<div class=\"elementor-element elementor-element-bf7faf6 elementor-widget elementor-widget-heading\" data-id=\"bf7faf6\" data-element_type=\"widget\" data-e-type=\"widget\" data-widget_type=\"heading.default\">\n\t\t\t\t<div class=\"elementor-widget-container\">\n\t\t\t\t\t<h2 class=\"elementor-heading-title elementor-size-default\"><a href=\"https:\/\/www.visitnavarra.es\/es\/agenda\" target=\"_blank\" rel=\"noopener\">Agenda<\/a><\/h2>\t\t\t\t<\/div>\n\t\t\t\t<\/div>\n\t\t\t\t<\/div>\n\t\t<div class=\"elementor-element elementor-element-e5aa76f e-con-full e-flex e-con e-child\" data-id=\"e5aa76f\" data-element_type=\"container\" data-e-type=\"container\">\n\t\t\t\t<div class=\"elementor-element elementor-element-c2867d1 elementor-widget elementor-widget-heading\" data-id=\"c2867d1\" data-element_type=\"widget\" data-e-type=\"widget\" data-widget_type=\"heading.default\">\n\t\t\t\t<div class=\"elementor-widget-container\">\n\t\t\t\t\t<h2 class=\"elementor-heading-title elementor-size-default\"><a href=\"https:\/\/turismodenavarra.com\/\" target=\"_blank\" rel=\"noopener\">Qu\u00e9 hacer en Navarra\n<\/a><\/h2>\t\t\t\t<\/div>\n\t\t\t\t<\/div>\n\t\t\t\t<\/div>\n\t\t<div class=\"elementor-element elementor-element-b275023 e-con-full e-flex e-con e-child\" data-id=\"b275023\" data-element_type=\"container\" data-e-type=\"container\">\n\t\t\t\t<div class=\"elementor-element elementor-element-23f6a78 elementor-widget elementor-widget-heading\" data-id=\"23f6a78\" data-element_type=\"widget\" data-e-type=\"widget\" data-widget_type=\"heading.default\">\n\t\t\t\t<div class=\"elementor-widget-container\">\n\t\t\t\t\t<h2 class=\"elementor-heading-title elementor-size-default\"><a href=\"https:\/\/www.pamplonaescultura.es\/\" target=\"_blank\" rel=\"noopener\">Pamplona es cultura<\/a><\/h2>\t\t\t\t<\/div>\n\t\t\t\t<\/div>\n\t\t\t\t<\/div>\n\t\t<div class=\"elementor-element elementor-element-d4081d0 e-con-full e-flex e-con e-child\" data-id=\"d4081d0\" data-element_type=\"container\" data-e-type=\"container\">\n\t\t\t\t<div class=\"elementor-element elementor-element-1c69942 elementor-widget elementor-widget-heading\" data-id=\"1c69942\" data-element_type=\"widget\" data-e-type=\"widget\" data-widget_type=\"heading.default\">\n\t\t\t\t<div class=\"elementor-widget-container\">\n\t\t\t\t\t<h2 class=\"elementor-heading-title elementor-size-default\"><a href=\"https:\/\/www.pamplona.es\/sites\/default\/files\/2025-06\/250624guiaturismo.pdf\" target=\"_blank\" rel=\"noopener\">Gu\u00eda de Pamplona<\/a><\/h2>\t\t\t\t<\/div>\n\t\t\t\t<\/div>\n\t\t\t\t<\/div>\n\t\t<div class=\"elementor-element elementor-element-ff23673 e-con-full e-flex e-con e-child\" data-id=\"ff23673\" data-element_type=\"container\" data-e-type=\"container\">\n\t\t\t\t<div class=\"elementor-element elementor-element-9b1238c elementor-widget elementor-widget-heading\" data-id=\"9b1238c\" data-element_type=\"widget\" data-e-type=\"widget\" data-widget_type=\"heading.default\">\n\t\t\t\t<div class=\"elementor-widget-container\">\n\t\t\t\t\t<h2 class=\"elementor-heading-title elementor-size-default\"><a href=\"#visitas_gratuitas\">Visitas gratuitas<\/a><\/h2>\t\t\t\t<\/div>\n\t\t\t\t<\/div>\n\t\t\t\t<\/div>\n\t\t\t\t\t<\/div>\n\t\t\t\t<\/div>\n\t\t<div class=\"elementor-element elementor-element-2a0939f e-flex e-con-boxed e-con e-parent\" data-id=\"2a0939f\" data-element_type=\"container\" data-e-type=\"container\">\n\t\t\t\t\t<div class=\"e-con-inner\">\n\t\t\t\t<div class=\"elementor-element elementor-element-4cf74a7 elementor-widget elementor-widget-heading\" data-id=\"4cf74a7\" data-element_type=\"widget\" data-e-type=\"widget\" data-widget_type=\"heading.default\">\n\t\t\t\t<div class=\"elementor-widget-container\">\n\t\t\t\t\t<h4 class=\"elementor-heading-title elementor-size-default\"><a href=\"https:\/\/www.pamplona.es\/turismo\/pic\" target=\"_blank\" rel=\"noopener\">Tarjeta tur\u00edstica oficial de la ciudad de Pamplona-Iru\u00f1a.<\/a><\/h4>\t\t\t\t<\/div>\n\t\t\t\t<\/div>\n\t\t\t\t\t<\/div>\n\t\t\t\t<\/div>\n\t\t<div class=\"elementor-element elementor-element-32b51e3 e-flex e-con-boxed e-con e-parent\" data-id=\"32b51e3\" data-element_type=\"container\" data-e-type=\"container\">\n\t\t\t\t\t<div class=\"e-con-inner\">\n\t\t\t\t<div class=\"elementor-element elementor-element-0bfe99e elementor-widget elementor-widget-heading\" data-id=\"0bfe99e\" data-element_type=\"widget\" data-e-type=\"widget\" id=\"transporte\" data-widget_type=\"heading.default\">\n\t\t\t\t<div class=\"elementor-widget-container\">\n\t\t\t\t\t<h2 class=\"elementor-heading-title elementor-size-default\">TRANSPORTE P\u00daBLICO EN PAMPLONA<\/h2>\t\t\t\t<\/div>\n\t\t\t\t<\/div>\n\t\t\t\t\t<\/div>\n\t\t\t\t<\/div>\n\t\t<div class=\"elementor-element elementor-element-dcf7163 e-flex e-con-boxed e-con e-parent\" data-id=\"dcf7163\" data-element_type=\"container\" data-e-type=\"container\">\n\t\t\t\t\t<div class=\"e-con-inner\">\n\t\t\t\t<div class=\"elementor-element elementor-element-6ad2872 elementor-widget elementor-widget-heading\" data-id=\"6ad2872\" data-element_type=\"widget\" data-e-type=\"widget\" data-widget_type=\"heading.default\">\n\t\t\t\t<div class=\"elementor-widget-container\">\n\t\t\t\t\t<h2 class=\"elementor-heading-title elementor-size-default\">Autob\u00fas de l\u00ednea<\/h2>\t\t\t\t<\/div>\n\t\t\t\t<\/div>\n\t\t\t\t\t<\/div>\n\t\t\t\t<\/div>\n\t\t<div class=\"elementor-element elementor-element-1c1ee9d e-flex e-con-boxed e-con e-parent\" data-id=\"1c1ee9d\" data-element_type=\"container\" data-e-type=\"container\">\n\t\t\t\t\t<div class=\"e-con-inner\">\n\t\t\t\t<div class=\"elementor-element elementor-element-56a88c3 elementor-widget elementor-widget-text-editor\" data-id=\"56a88c3\" data-element_type=\"widget\" data-e-type=\"widget\" data-widget_type=\"text-editor.default\">\n\t\t\t\t<div class=\"elementor-widget-container\">\n\t\t\t\t\t\t\t\t\t<p>El centro de Pamplona est\u00e1 a unos 3 km. del hotel y la mejor manera de llegar es en autob\u00fas de l\u00ednea.<\/p>\t\t\t\t\t\t\t\t<\/div>\n\t\t\t\t<\/div>\n\t\t\t\t\t<\/div>\n\t\t\t\t<\/div>\n\t\t<div class=\"elementor-element elementor-element-0ec1dd2 e-flex e-con-boxed e-con e-parent\" data-id=\"0ec1dd2\" data-element_type=\"container\" data-e-type=\"container\">\n\t\t\t\t\t<div class=\"e-con-inner\">\n\t\t\t\t<div class=\"elementor-element elementor-element-6ca80d0 elementor-widget elementor-widget-text-editor\" data-id=\"6ca80d0\" data-element_type=\"widget\" data-e-type=\"widget\" data-widget_type=\"text-editor.default\">\n\t\t\t\t<div class=\"elementor-widget-container\">\n\t\t\t\t\t\t\t\t\t<h4><a href=\"https:\/\/www.infotuc.es\/index.php\/es\/\" target=\"_blank\" rel=\"noopener\">\u00a0L\u00edneas, horarios y frecuencias<\/a><\/h4><p>Lo mejor es descargar la aplicaci\u00f3n de <strong><a href=\"https:\/\/play.google.com\/store\/apps\/details?id=com.geoactio.buspamplona&amp;hl=es&amp;pli=1\" target=\"_blank\" rel=\"noopener\">TU VILLAVESA<\/a><br \/><\/strong>donde est\u00e1 la informaci\u00f3n a tiempo real.<\/p>\t\t\t\t\t\t\t\t<\/div>\n\t\t\t\t<\/div>\n\t\t\t\t\t<\/div>\n\t\t\t\t<\/div>\n\t\t<div class=\"elementor-element elementor-element-5b9c7bd e-flex e-con-boxed e-con e-parent\" data-id=\"5b9c7bd\" data-element_type=\"container\" data-e-type=\"container\">\n\t\t\t\t\t<div class=\"e-con-inner\">\n\t\t\t\t<div class=\"elementor-element elementor-element-a035317 elementor-widget elementor-widget-heading\" data-id=\"a035317\" data-element_type=\"widget\" data-e-type=\"widget\" data-widget_type=\"heading.default\">\n\t\t\t\t<div class=\"elementor-widget-container\">\n\t\t\t\t\t<h2 class=\"elementor-heading-title elementor-size-default\">Taxi<\/h2>\t\t\t\t<\/div>\n\t\t\t\t<\/div>\n\t\t\t\t\t<\/div>\n\t\t\t\t<\/div>\n\t\t<div class=\"elementor-element elementor-element-3e7a1f2 e-flex e-con-boxed e-con e-parent\" data-id=\"3e7a1f2\" data-element_type=\"container\" data-e-type=\"container\">\n\t\t\t\t\t<div class=\"e-con-inner\">\n\t\t\t\t<div class=\"elementor-element elementor-element-2c2bf2c elementor-widget elementor-widget-text-editor\" data-id=\"2c2bf2c\" data-element_type=\"widget\" data-e-type=\"widget\" data-widget_type=\"text-editor.default\">\n\t\t\t\t<div class=\"elementor-widget-container\">\n\t\t\t\t\t\t\t\t\t<p>Si quiere desde la recepci\u00f3n podemos pedir un taxi o si lo prefiere puede llamar al\u00a0 T.948 23 23 00<br \/>o consultar la web\u00a0<a style=\"font-family: var( --e-global-typography-text-font-family ), Sans-serif; font-weight: var( --e-global-typography-text-font-weight ); text-align: var(--text-align); background-color: #ffffff;\" href=\"https:\/\/taxipamplona.com\/servicios\" target=\"_blank\" rel=\"noopener\">Teletaxipamplona<\/a><\/p><p>O a trav\u00e9s de la aplicaci\u00f3n <a href=\"https:\/\/pidetaxi.es\/\" target=\"_blank\" rel=\"noopener\">\u00abpidetaxi\u00bb<\/a><\/p><p><a href=\"https:\/\/www.mcp.es\/transporte\/taxi\/como-solicitar-un-taxi\" target=\"_blank\" rel=\"noopener\">\u00bfC\u00f3mo solicitar un taxi?<\/a><\/p><p>\u00a0<\/p>\t\t\t\t\t\t\t\t<\/div>\n\t\t\t\t<\/div>\n\t\t\t\t\t<\/div>\n\t\t\t\t<\/div>\n\t\t<div class=\"elementor-element elementor-element-fdeac5d e-flex e-con-boxed e-con e-parent\" data-id=\"fdeac5d\" data-element_type=\"container\" data-e-type=\"container\">\n\t\t\t\t\t<div class=\"e-con-inner\">\n\t\t\t\t<div class=\"elementor-element elementor-element-0463c76 elementor-widget elementor-widget-heading\" data-id=\"0463c76\" data-element_type=\"widget\" data-e-type=\"widget\" data-widget_type=\"heading.default\">\n\t\t\t\t<div class=\"elementor-widget-container\">\n\t\t\t\t\t<h2 class=\"elementor-heading-title elementor-size-default\">Aparcar en Pamplona<\/h2>\t\t\t\t<\/div>\n\t\t\t\t<\/div>\n\t\t\t\t\t<\/div>\n\t\t\t\t<\/div>\n\t\t<div class=\"elementor-element elementor-element-6efbed5 e-flex e-con-boxed e-con e-parent\" data-id=\"6efbed5\" data-element_type=\"container\" data-e-type=\"container\">\n\t\t\t\t\t<div class=\"e-con-inner\">\n\t\t\t\t<div class=\"elementor-element elementor-element-e149542 elementor-widget elementor-widget-text-editor\" data-id=\"e149542\" data-element_type=\"widget\" data-e-type=\"widget\" data-widget_type=\"text-editor.default\">\n\t\t\t\t<div class=\"elementor-widget-container\">\n\t\t\t\t\t\t\t\t\t<p><a href=\"https:\/\/www.pamplona.es\/temas\/seguridad-ciudadana-y-convivencia\/aparcamientos\/zonas-de-estacionamiento-regulado\" target=\"_blank\" rel=\"noopener\">Zonas de estacionamiento regulado en Pamplona<\/a><\/p>\t\t\t\t\t\t\t\t<\/div>\n\t\t\t\t<\/div>\n\t\t\t\t\t<\/div>\n\t\t\t\t<\/div>\n\t\t<div class=\"elementor-element elementor-element-3d3c248 e-flex e-con-boxed e-con e-parent\" data-id=\"3d3c248\" data-element_type=\"container\" data-e-type=\"container\" id=\"visitas_gratuitas\">\n\t\t\t\t\t<div class=\"e-con-inner\">\n\t\t\t\t\t<\/div>\n\t\t\t\t<\/div>\n\t\t<div class=\"elementor-element elementor-element-be90642 e-flex e-con-boxed e-con e-parent\" data-id=\"be90642\" data-element_type=\"container\" data-e-type=\"container\">\n\t\t\t\t\t<div class=\"e-con-inner\">\n\t\t\t\t<div class=\"elementor-element elementor-element-37324c0 elementor-widget elementor-widget-heading\" data-id=\"37324c0\" data-element_type=\"widget\" data-e-type=\"widget\" data-widget_type=\"heading.default\">\n\t\t\t\t<div class=\"elementor-widget-container\">\n\t\t\t\t\t<h2 class=\"elementor-heading-title elementor-size-default\">Visitas guiadas a Pamplona y excursiones<\/h2>\t\t\t\t<\/div>\n\t\t\t\t<\/div>\n\t\t\t\t\t<\/div>\n\t\t\t\t<\/div>\n\t\t<div class=\"elementor-element elementor-element-c64c01f e-flex e-con-boxed e-con e-parent\" data-id=\"c64c01f\" data-element_type=\"container\" data-e-type=\"container\">\n\t\t\t\t\t<div class=\"e-con-inner\">\n\t\t\t\t<div class=\"elementor-element elementor-element-8514d0d elementor-widget elementor-widget-image\" data-id=\"8514d0d\" data-element_type=\"widget\" data-e-type=\"widget\" data-widget_type=\"image.default\">\n\t\t\t\t<div class=\"elementor-widget-container\">\n\t\t\t\t\t\t\t\t\t\t\t\t\t\t\t<img fetchpriority=\"high\" decoding=\"async\" width=\"814\" height=\"814\" src=\"https:\/\/hotelvillava.com\/enpamplona\/wp-content\/uploads\/2025\/07\/di-pamplona-y-sonrie.jpg\" class=\"attachment-large size-large wp-image-2547\" alt=\"Visitas gratuitas a Pamplona por alojarte en el Hotel Villava\" srcset=\"https:\/\/hotelvillava.com\/enpamplona\/wp-content\/uploads\/2025\/07\/di-pamplona-y-sonrie.jpg 814w, https:\/\/hotelvillava.com\/enpamplona\/wp-content\/uploads\/2025\/07\/di-pamplona-y-sonrie-300x300.jpg 300w, https:\/\/hotelvillava.com\/enpamplona\/wp-content\/uploads\/2025\/07\/di-pamplona-y-sonrie-150x150.jpg 150w, https:\/\/hotelvillava.com\/enpamplona\/wp-content\/uploads\/2025\/07\/di-pamplona-y-sonrie-768x768.jpg 768w, https:\/\/hotelvillava.com\/enpamplona\/wp-content\/uploads\/2025\/07\/di-pamplona-y-sonrie-280x280.jpg 280w, https:\/\/hotelvillava.com\/enpamplona\/wp-content\/uploads\/2025\/07\/di-pamplona-y-sonrie-560x560.jpg 560w, https:\/\/hotelvillava.com\/enpamplona\/wp-content\/uploads\/2025\/07\/di-pamplona-y-sonrie-600x600.jpg 600w, https:\/\/hotelvillava.com\/enpamplona\/wp-content\/uploads\/2025\/07\/di-pamplona-y-sonrie-800x800.jpg 800w\" sizes=\"(max-width: 814px) 100vw, 814px\" \/>\t\t\t\t\t\t\t\t\t\t\t\t\t\t\t<\/div>\n\t\t\t\t<\/div>\n\t\t\t\t\t<\/div>\n\t\t\t\t<\/div>\n\t\t<div class=\"elementor-element elementor-element-341e78c e-flex e-con-boxed e-con e-parent\" data-id=\"341e78c\" data-element_type=\"container\" data-e-type=\"container\">\n\t\t\t\t\t<div class=\"e-con-inner\">\n\t\t\t\t<div class=\"elementor-element elementor-element-350e74b elementor-widget elementor-widget-heading\" data-id=\"350e74b\" data-element_type=\"widget\" data-e-type=\"widget\" data-widget_type=\"heading.default\">\n\t\t\t\t<div class=\"elementor-widget-container\">\n\t\t\t\t\t<h2 class=\"elementor-heading-title elementor-size-default\"><a href=\"https:\/\/www.pamplona.es\/sites\/default\/files\/2025-06\/250624guiaturismo.pdf\" target=\"_blank\" rel=\"noopener\">Gu\u00eda de Pamplona<\/a><\/h2>\t\t\t\t<\/div>\n\t\t\t\t<\/div>\n\t\t\t\t\t<\/div>\n\t\t\t\t<\/div>\n\t\t\t\t<\/div>\n\t\t","protected":false},"excerpt":{"rendered":"<p>Transporte p\u00fablico en Pamplona Agenda Qu\u00e9 hacer en Navarra Pamplona es cultura Gu\u00eda de Pamplona Visitas gratuitas Tarjeta tur\u00edstica oficial de la ciudad de Pamplona-Iru\u00f1a. TRANSPORTE P\u00daBLICO EN PAMPLONA Autob\u00fas de l\u00ednea El centro de Pamplona est\u00e1 a unos 3 km. del hotel y la mejor manera de llegar es [&hellip;]<\/p>\n","protected":false},"author":2,"featured_media":0,"parent":0,"menu_order":0,"comment_status":"closed","ping_status":"closed","template":"","meta":{"_exactmetrics_skip_tracking":false,"_exactmetrics_sitenote_active":false,"_exactmetrics_sitenote_note":"","_exactmetrics_sitenote_category":0,"footnotes":""},"class_list":["post-1014","page","type-page","status-publish","hentry"],"yoast_head":"<!-- This site is optimized with the Yoast SEO plugin v27.1.1 - https:\/\/yoast.com\/product\/yoast-seo-wordpress\/ -->\n<title>Enlaces de inter\u00e9s - Hotel Villava en Pamplona<\/title>\n<meta name=\"robots\" content=\"index, follow, max-snippet:-1, max-image-preview:large, max-video-preview:-1\" \/>\n<link rel=\"canonical\" href=\"https:\/\/hotelvillava.com\/enpamplona\/enlaces-de-interes\/\" \/>\n<meta property=\"og:locale\" content=\"es_ES\" \/>\n<meta property=\"og:type\" content=\"article\" \/>\n<meta property=\"og:title\" content=\"Enlaces de inter\u00e9s - Hotel Villava en Pamplona\" \/>\n<meta property=\"og:description\" content=\"Transporte p\u00fablico en Pamplona Agenda Qu\u00e9 hacer en Navarra Pamplona es cultura Gu\u00eda de Pamplona Visitas gratuitas Tarjeta tur\u00edstica oficial de la ciudad de Pamplona-Iru\u00f1a. TRANSPORTE P\u00daBLICO EN PAMPLONA Autob\u00fas de l\u00ednea El centro de Pamplona est\u00e1 a unos 3 km. del hotel y la mejor manera de llegar es [&hellip;]\" \/>\n<meta property=\"og:url\" content=\"https:\/\/hotelvillava.com\/enpamplona\/enlaces-de-interes\/\" \/>\n<meta property=\"og:site_name\" content=\"Hotel Villava en Pamplona\" \/>\n<meta property=\"article:modified_time\" content=\"2025-07-23T11:08:11+00:00\" \/>\n<meta property=\"og:image\" content=\"https:\/\/hotelvillava.com\/enpamplona\/wp-content\/uploads\/2025\/07\/di-pamplona-y-sonrie.jpg\" \/>\n<meta name=\"twitter:card\" content=\"summary_large_image\" \/>\n<meta name=\"twitter:label1\" content=\"Tiempo de lectura\" \/>\n\t<meta name=\"twitter:data1\" content=\"1 minuto\" \/>\n<script type=\"application\/ld+json\" class=\"yoast-schema-graph\">{\"@context\":\"https:\/\/schema.org\",\"@graph\":[{\"@type\":\"WebPage\",\"@id\":\"https:\/\/hotelvillava.com\/enpamplona\/enlaces-de-interes\/\",\"url\":\"https:\/\/hotelvillava.com\/enpamplona\/enlaces-de-interes\/\",\"name\":\"Enlaces de inter\u00e9s - Hotel Villava en Pamplona\",\"isPartOf\":{\"@id\":\"https:\/\/hotelvillava.com\/enpamplona\/#website\"},\"primaryImageOfPage\":{\"@id\":\"https:\/\/hotelvillava.com\/enpamplona\/enlaces-de-interes\/#primaryimage\"},\"image\":{\"@id\":\"https:\/\/hotelvillava.com\/enpamplona\/enlaces-de-interes\/#primaryimage\"},\"thumbnailUrl\":\"https:\/\/hotelvillava.com\/enpamplona\/wp-content\/uploads\/2025\/07\/di-pamplona-y-sonrie.jpg\",\"datePublished\":\"2024-01-19T09:39:56+00:00\",\"dateModified\":\"2025-07-23T11:08:11+00:00\",\"breadcrumb\":{\"@id\":\"https:\/\/hotelvillava.com\/enpamplona\/enlaces-de-interes\/#breadcrumb\"},\"inLanguage\":\"es\",\"potentialAction\":[{\"@type\":\"ReadAction\",\"target\":[\"https:\/\/hotelvillava.com\/enpamplona\/enlaces-de-interes\/\"]}]},{\"@type\":\"ImageObject\",\"inLanguage\":\"es\",\"@id\":\"https:\/\/hotelvillava.com\/enpamplona\/enlaces-de-interes\/#primaryimage\",\"url\":\"https:\/\/hotelvillava.com\/enpamplona\/wp-content\/uploads\/2025\/07\/di-pamplona-y-sonrie.jpg\",\"contentUrl\":\"https:\/\/hotelvillava.com\/enpamplona\/wp-content\/uploads\/2025\/07\/di-pamplona-y-sonrie.jpg\",\"width\":814,\"height\":814,\"caption\":\"Al\u00f3jate en un hotel en Pamplona y podr\u00e1s disfrutar de una visita gratuita a Pamplona.\"},{\"@type\":\"BreadcrumbList\",\"@id\":\"https:\/\/hotelvillava.com\/enpamplona\/enlaces-de-interes\/#breadcrumb\",\"itemListElement\":[{\"@type\":\"ListItem\",\"position\":1,\"name\":\"Portada\",\"item\":\"https:\/\/hotelvillava.com\/enpamplona\/\"},{\"@type\":\"ListItem\",\"position\":2,\"name\":\"Enlaces de inter\u00e9s\"}]},{\"@type\":\"WebSite\",\"@id\":\"https:\/\/hotelvillava.com\/enpamplona\/#website\",\"url\":\"https:\/\/hotelvillava.com\/enpamplona\/\",\"name\":\"Hotel Villava en Pamplona\",\"description\":\"Hotel familiar a 10 minutos del centro de Pamplona\",\"publisher\":{\"@id\":\"https:\/\/hotelvillava.com\/enpamplona\/#organization\"},\"potentialAction\":[{\"@type\":\"SearchAction\",\"target\":{\"@type\":\"EntryPoint\",\"urlTemplate\":\"https:\/\/hotelvillava.com\/enpamplona\/?s={search_term_string}\"},\"query-input\":{\"@type\":\"PropertyValueSpecification\",\"valueRequired\":true,\"valueName\":\"search_term_string\"}}],\"inLanguage\":\"es\"},{\"@type\":\"Organization\",\"@id\":\"https:\/\/hotelvillava.com\/enpamplona\/#organization\",\"name\":\"Hotel Villava en Pamplona\",\"url\":\"https:\/\/hotelvillava.com\/enpamplona\/\",\"logo\":{\"@type\":\"ImageObject\",\"inLanguage\":\"es\",\"@id\":\"https:\/\/hotelvillava.com\/enpamplona\/#\/schema\/logo\/image\/\",\"url\":\"https:\/\/hotelvillava.com\/enpamplona\/wp-content\/uploads\/2023\/02\/cropped-logo-villava-trans-1.png\",\"contentUrl\":\"https:\/\/hotelvillava.com\/enpamplona\/wp-content\/uploads\/2023\/02\/cropped-logo-villava-trans-1.png\",\"width\":665,\"height\":244,\"caption\":\"Hotel Villava en Pamplona\"},\"image\":{\"@id\":\"https:\/\/hotelvillava.com\/enpamplona\/#\/schema\/logo\/image\/\"}}]}<\/script>\n<!-- \/ Yoast SEO plugin. -->","yoast_head_json":{"title":"Enlaces de inter\u00e9s - Hotel Villava en Pamplona","robots":{"index":"index","follow":"follow","max-snippet":"max-snippet:-1","max-image-preview":"max-image-preview:large","max-video-preview":"max-video-preview:-1"},"canonical":"https:\/\/hotelvillava.com\/enpamplona\/enlaces-de-interes\/","og_locale":"es_ES","og_type":"article","og_title":"Enlaces de inter\u00e9s - Hotel Villava en Pamplona","og_description":"Transporte p\u00fablico en Pamplona Agenda Qu\u00e9 hacer en Navarra Pamplona es cultura Gu\u00eda de Pamplona Visitas gratuitas Tarjeta tur\u00edstica oficial de la ciudad de Pamplona-Iru\u00f1a. TRANSPORTE P\u00daBLICO EN PAMPLONA Autob\u00fas de l\u00ednea El centro de Pamplona est\u00e1 a unos 3 km. del hotel y la mejor manera de llegar es [&hellip;]","og_url":"https:\/\/hotelvillava.com\/enpamplona\/enlaces-de-interes\/","og_site_name":"Hotel Villava en Pamplona","article_modified_time":"2025-07-23T11:08:11+00:00","og_image":[{"url":"https:\/\/hotelvillava.com\/enpamplona\/wp-content\/uploads\/2025\/07\/di-pamplona-y-sonrie.jpg","type":"","width":"","height":""}],"twitter_card":"summary_large_image","twitter_misc":{"Tiempo de lectura":"1 minuto"},"schema":{"@context":"https:\/\/schema.org","@graph":[{"@type":"WebPage","@id":"https:\/\/hotelvillava.com\/enpamplona\/enlaces-de-interes\/","url":"https:\/\/hotelvillava.com\/enpamplona\/enlaces-de-interes\/","name":"Enlaces de inter\u00e9s - Hotel Villava en Pamplona","isPartOf":{"@id":"https:\/\/hotelvillava.com\/enpamplona\/#website"},"primaryImageOfPage":{"@id":"https:\/\/hotelvillava.com\/enpamplona\/enlaces-de-interes\/#primaryimage"},"image":{"@id":"https:\/\/hotelvillava.com\/enpamplona\/enlaces-de-interes\/#primaryimage"},"thumbnailUrl":"https:\/\/hotelvillava.com\/enpamplona\/wp-content\/uploads\/2025\/07\/di-pamplona-y-sonrie.jpg","datePublished":"2024-01-19T09:39:56+00:00","dateModified":"2025-07-23T11:08:11+00:00","breadcrumb":{"@id":"https:\/\/hotelvillava.com\/enpamplona\/enlaces-de-interes\/#breadcrumb"},"inLanguage":"es","potentialAction":[{"@type":"ReadAction","target":["https:\/\/hotelvillava.com\/enpamplona\/enlaces-de-interes\/"]}]},{"@type":"ImageObject","inLanguage":"es","@id":"https:\/\/hotelvillava.com\/enpamplona\/enlaces-de-interes\/#primaryimage","url":"https:\/\/hotelvillava.com\/enpamplona\/wp-content\/uploads\/2025\/07\/di-pamplona-y-sonrie.jpg","contentUrl":"https:\/\/hotelvillava.com\/enpamplona\/wp-content\/uploads\/2025\/07\/di-pamplona-y-sonrie.jpg","width":814,"height":814,"caption":"Al\u00f3jate en un hotel en Pamplona y podr\u00e1s disfrutar de una visita gratuita a Pamplona."},{"@type":"BreadcrumbList","@id":"https:\/\/hotelvillava.com\/enpamplona\/enlaces-de-interes\/#breadcrumb","itemListElement":[{"@type":"ListItem","position":1,"name":"Portada","item":"https:\/\/hotelvillava.com\/enpamplona\/"},{"@type":"ListItem","position":2,"name":"Enlaces de inter\u00e9s"}]},{"@type":"WebSite","@id":"https:\/\/hotelvillava.com\/enpamplona\/#website","url":"https:\/\/hotelvillava.com\/enpamplona\/","name":"Hotel Villava en Pamplona","description":"Hotel familiar a 10 minutos del centro de Pamplona","publisher":{"@id":"https:\/\/hotelvillava.com\/enpamplona\/#organization"},"potentialAction":[{"@type":"SearchAction","target":{"@type":"EntryPoint","urlTemplate":"https:\/\/hotelvillava.com\/enpamplona\/?s={search_term_string}"},"query-input":{"@type":"PropertyValueSpecification","valueRequired":true,"valueName":"search_term_string"}}],"inLanguage":"es"},{"@type":"Organization","@id":"https:\/\/hotelvillava.com\/enpamplona\/#organization","name":"Hotel Villava en Pamplona","url":"https:\/\/hotelvillava.com\/enpamplona\/","logo":{"@type":"ImageObject","inLanguage":"es","@id":"https:\/\/hotelvillava.com\/enpamplona\/#\/schema\/logo\/image\/","url":"https:\/\/hotelvillava.com\/enpamplona\/wp-content\/uploads\/2023\/02\/cropped-logo-villava-trans-1.png","contentUrl":"https:\/\/hotelvillava.com\/enpamplona\/wp-content\/uploads\/2023\/02\/cropped-logo-villava-trans-1.png","width":665,"height":244,"caption":"Hotel Villava en Pamplona"},"image":{"@id":"https:\/\/hotelvillava.com\/enpamplona\/#\/schema\/logo\/image\/"}}]}},"_links":{"self":[{"href":"https:\/\/hotelvillava.com\/enpamplona\/wp-json\/wp\/v2\/pages\/1014","targetHints":{"allow":["GET"]}}],"collection":[{"href":"https:\/\/hotelvillava.com\/enpamplona\/wp-json\/wp\/v2\/pages"}],"about":[{"href":"https:\/\/hotelvillava.com\/enpamplona\/wp-json\/wp\/v2\/types\/page"}],"author":[{"embeddable":true,"href":"https:\/\/hotelvillava.com\/enpamplona\/wp-json\/wp\/v2\/users\/2"}],"replies":[{"embeddable":true,"href":"https:\/\/hotelvillava.com\/enpamplona\/wp-json\/wp\/v2\/comments?post=1014"}],"version-history":[{"count":140,"href":"https:\/\/hotelvillava.com\/enpamplona\/wp-json\/wp\/v2\/pages\/1014\/revisions"}],"predecessor-version":[{"id":2572,"href":"https:\/\/hotelvillava.com\/enpamplona\/wp-json\/wp\/v2\/pages\/1014\/revisions\/2572"}],"wp:attachment":[{"href":"https:\/\/hotelvillava.com\/enpamplona\/wp-json\/wp\/v2\/media?parent=1014"}],"curies":[{"name":"wp","href":"https:\/\/api.w.org\/{rel}","templated":true}]}}